{"id":1481,"date":"2024-05-23T05:43:59","date_gmt":"2024-05-23T05:43:59","guid":{"rendered":"https:\/\/cobadent.com\/?page_id=1481"},"modified":"2024-09-05T18:18:34","modified_gmt":"2024-09-05T18:18:34","slug":"politica-de-cookies","status":"publish","type":"page","link":"https:\/\/cobadent.com\/en\/politica-de-cookies\/","title":{"rendered":"COOKIES POLICY"},"content":{"rendered":"<div data-elementor-type=\"wp-page\" data-elementor-id=\"1481\" class=\"elementor elementor-1481\" data-elementor-post-type=\"page\">\n\t\t\t\t<div class=\"elementor-element elementor-element-7b78e1f e-flex e-con-boxed e-con e-parent\" data-id=\"7b78e1f\" data-element_type=\"container\">\n\t\t\t\t\t<div class=\"e-con-inner\">\n\t\t\t\t<div class=\"elementor-element elementor-element-ed1b975 elementor-widget elementor-widget-heading\" data-id=\"ed1b975\" data-element_type=\"widget\" data-widget_type=\"heading.default\">\n\t\t\t\t<div class=\"elementor-widget-container\">\n\t\t\t\t\t<h2 class=\"elementor-heading-title elementor-size-default\">COOKIES POLICY<\/h2>\t\t\t\t<\/div>\n\t\t\t\t<\/div>\n\t\t\t\t<div class=\"elementor-element elementor-element-02fc674 elementor-widget elementor-widget-text-editor\" data-id=\"02fc674\" data-element_type=\"widget\" data-widget_type=\"text-editor.default\">\n\t\t\t\t<div class=\"elementor-widget-container\">\n\t\t\t\t\t\t\t\t\t<div>\n<div class=\"translation-block\">If you browse our portal, you will be accepting the use of cookies under the conditions indicated. However, you have the option to disable and delete cookies in your browser. In the event that A user blocks cookies in their browser, they can continue to browse the site, but some services may not be available, and the browsing experience may be limited.<\/div>\n<div><span style=\"color: var( --e-global-color-text ); text-align: var(--text-align); font-size: 1rem;\">&nbsp;<\/span><\/div>\n<div class=\"translation-block\">As the owner of their personal data, the user has the right to access their data in COBADENT's possession; know the characteristics of their treatments, rectify them if they are inaccurate or Incomplete; request that they be deleted or cancelled as they are considered unnecessary for the purposes set out above or oppose their processing for specific purposes.<\/div>\n<div><span style=\"color: var( --e-global-color-text ); text-align: var(--text-align); font-size: 1rem;\">&nbsp;<\/span><\/div>\n<div class=\"translation-block\">The user is assisted in exercising the rights of access, rectification, opposition and cancellation of personal data, for which he or she can contact the email informes@localhost or the address Av. Almirante Miguel Grau N\u00ba 629 Int. 311, Barranco, Lima, Peru.<\/div>\n<p><\/p>\n<div>The User is responsible for the veracity of the data provided by him\/her.<\/div>\n<div>&nbsp;<\/div>\n<div><strong>Disclosure<\/strong><\/div>\n<div>COBADENT undertakes not to disclose or share the User's Personal Data, without due consent to do so, with the exception of the following cases:<\/div>\n<div>&nbsp;<\/div>\n<div>\u2022 Requests for information from public authorities in the exercise of their functions and within the scope of their powers.<\/div>\n<div>\u2022 Requests for information pursuant to court orders.<\/div>\n<div>\u2022 Requests for information under legal provisions.<\/div>\n<p><\/p>\n<div><strong>Modifications to the Privacy Policy<\/strong><\/div>\n<div class=\"translation-block\">COBADENT expressly reserves the right to modify, update or supplement this Privacy Policy at any time. Any modifications, updates or extensions to this Privacy Policy will be immediately posted on the website and app, so you will be aware of what information we collect, how and under what circumstances we use and process your information.<\/div>\n<\/div>\t\t\t\t\t\t\t\t<\/div>\n\t\t\t\t<\/div>\n\t\t\t\t<div class=\"elementor-element elementor-element-87e4f42 elementor-widget elementor-widget-html\" data-id=\"87e4f42\" data-element_type=\"widget\" data-widget_type=\"html.default\">\n\t\t\t\t<div class=\"elementor-widget-container\">\n\t\t\t\t\t<script>\r\n    document.addEventListener('DOMContentLoaded', function() {\r\n        setInterval(() => {\r\n            const DOM = document.querySelector('.elementor-sticky');\r\n\r\n            if (DOM) {\r\n                DOM.classList.add('elementor-sticky--effects');\r\n            }\r\n        }, 500);\r\n        \r\n    });\r\n<\/script>\t\t\t\t<\/div>\n\t\t\t\t<\/div>\n\t\t\t\t\t<\/div>\n\t\t\t\t<\/div>\n\t\t\t\t<\/div>","protected":false},"excerpt":{"rendered":"<p>POL\u00cdTICA DE COOKIES Si navegas por nuestro portal, estar\u00e1s aceptando el uso de las cookies en las condiciones se\u00f1aladas. No obstante, tienes la opci\u00f3n de deshabilitar y eliminar las cookies en el navegador. En caso de que&nbsp;un usuario bloquee las cookies en su navegador, puede seguir navegando por el sitio, pero es posible que algunos [&hellip;]<\/p>","protected":false},"author":1,"featured_media":0,"parent":0,"menu_order":0,"comment_status":"closed","ping_status":"closed","template":"","meta":{"_acf_changed":false,"footnotes":""},"class_list":["post-1481","page","type-page","status-publish","hentry"],"acf":[],"yoast_head":"<!-- This site is optimized with the Yoast SEO plugin v26.9 - https:\/\/yoast.com\/product\/yoast-seo-wordpress\/ -->\n<title>POL\u00cdTICA DE COOKIES - cobadent<\/title>\n<meta name=\"robots\" content=\"index, follow, max-snippet:-1, max-image-preview:large, max-video-preview:-1\" \/>\n<link rel=\"canonical\" href=\"https:\/\/cobadent.com\/en\/politica-de-cookies\/\" \/>\n<meta property=\"og:locale\" content=\"en_US\" \/>\n<meta property=\"og:type\" content=\"article\" \/>\n<meta property=\"og:title\" content=\"POL\u00cdTICA DE COOKIES - cobadent\" \/>\n<meta property=\"og:description\" content=\"POL\u00cdTICA DE COOKIES Si navegas por nuestro portal, estar\u00e1s aceptando el uso de las cookies en las condiciones se\u00f1aladas. No obstante, tienes la opci\u00f3n de deshabilitar y eliminar las cookies en el navegador. En caso de que&nbsp;un usuario bloquee las cookies en su navegador, puede seguir navegando por el sitio, pero es posible que algunos [&hellip;]\" \/>\n<meta property=\"og:url\" content=\"https:\/\/cobadent.com\/en\/politica-de-cookies\/\" \/>\n<meta property=\"og:site_name\" content=\"cobadent\" \/>\n<meta property=\"article:publisher\" content=\"https:\/\/www.facebook.com\/COBADENTBARRANCO\" \/>\n<meta property=\"article:modified_time\" content=\"2024-09-05T18:18:34+00:00\" \/>\n<meta name=\"twitter:card\" content=\"summary_large_image\" \/>\n<meta name=\"twitter:label1\" content=\"Est. reading time\" \/>\n\t<meta name=\"twitter:data1\" content=\"2 minutes\" \/>\n<script type=\"application\/ld+json\" class=\"yoast-schema-graph\">{\"@context\":\"https:\/\/schema.org\",\"@graph\":[{\"@type\":\"WebPage\",\"@id\":\"https:\/\/cobadent.com\/politica-de-cookies\/\",\"url\":\"https:\/\/cobadent.com\/politica-de-cookies\/\",\"name\":\"POL\u00cdTICA DE COOKIES - cobadent\",\"isPartOf\":{\"@id\":\"https:\/\/cobadent.com\/#website\"},\"datePublished\":\"2024-05-23T05:43:59+00:00\",\"dateModified\":\"2024-09-05T18:18:34+00:00\",\"breadcrumb\":{\"@id\":\"https:\/\/cobadent.com\/politica-de-cookies\/#breadcrumb\"},\"inLanguage\":\"en-US\",\"potentialAction\":[{\"@type\":\"ReadAction\",\"target\":[\"https:\/\/cobadent.com\/politica-de-cookies\/\"]}]},{\"@type\":\"BreadcrumbList\",\"@id\":\"https:\/\/cobadent.com\/politica-de-cookies\/#breadcrumb\",\"itemListElement\":[{\"@type\":\"ListItem\",\"position\":1,\"name\":\"Portada\",\"item\":\"https:\/\/cobadent.com\/\"},{\"@type\":\"ListItem\",\"position\":2,\"name\":\"POL\u00cdTICA DE COOKIES\"}]},{\"@type\":\"WebSite\",\"@id\":\"https:\/\/cobadent.com\/#website\",\"url\":\"https:\/\/cobadent.com\/\",\"name\":\"Cobadent\",\"description\":\"Cobadent Odontologos\",\"publisher\":{\"@id\":\"https:\/\/cobadent.com\/#organization\"},\"potentialAction\":[{\"@type\":\"SearchAction\",\"target\":{\"@type\":\"EntryPoint\",\"urlTemplate\":\"https:\/\/cobadent.com\/?s={search_term_string}\"},\"query-input\":{\"@type\":\"PropertyValueSpecification\",\"valueRequired\":true,\"valueName\":\"search_term_string\"}}],\"inLanguage\":\"en-US\"},{\"@type\":\"Organization\",\"@id\":\"https:\/\/cobadent.com\/#organization\",\"name\":\"Cobadent\",\"url\":\"https:\/\/cobadent.com\/\",\"logo\":{\"@type\":\"ImageObject\",\"inLanguage\":\"en-US\",\"@id\":\"https:\/\/cobadent.com\/#\/schema\/logo\/image\/\",\"url\":\"https:\/\/cobadent.com\/wp-content\/uploads\/2024\/07\/cropped-Logo-Cobadent-300x119-1.png\",\"contentUrl\":\"https:\/\/cobadent.com\/wp-content\/uploads\/2024\/07\/cropped-Logo-Cobadent-300x119-1.png\",\"width\":300,\"height\":119,\"caption\":\"Cobadent\"},\"image\":{\"@id\":\"https:\/\/cobadent.com\/#\/schema\/logo\/image\/\"},\"sameAs\":[\"https:\/\/www.facebook.com\/COBADENTBARRANCO\",\"https:\/\/www.instagram.com\/cobadentbarranco\/\",\"https:\/\/www.tiktok.com\/@cobadent\"]}]}<\/script>\n<!-- \/ Yoast SEO plugin. -->","yoast_head_json":{"title":"POL\u00cdTICA DE COOKIES - cobadent","robots":{"index":"index","follow":"follow","max-snippet":"max-snippet:-1","max-image-preview":"max-image-preview:large","max-video-preview":"max-video-preview:-1"},"canonical":"https:\/\/cobadent.com\/en\/politica-de-cookies\/","og_locale":"en_US","og_type":"article","og_title":"POL\u00cdTICA DE COOKIES - cobadent","og_description":"POL\u00cdTICA DE COOKIES Si navegas por nuestro portal, estar\u00e1s aceptando el uso de las cookies en las condiciones se\u00f1aladas. No obstante, tienes la opci\u00f3n de deshabilitar y eliminar las cookies en el navegador. En caso de que&nbsp;un usuario bloquee las cookies en su navegador, puede seguir navegando por el sitio, pero es posible que algunos [&hellip;]","og_url":"https:\/\/cobadent.com\/en\/politica-de-cookies\/","og_site_name":"cobadent","article_publisher":"https:\/\/www.facebook.com\/COBADENTBARRANCO","article_modified_time":"2024-09-05T18:18:34+00:00","twitter_card":"summary_large_image","twitter_misc":{"Est. reading time":"2 minutes"},"schema":{"@context":"https:\/\/schema.org","@graph":[{"@type":"WebPage","@id":"https:\/\/cobadent.com\/politica-de-cookies\/","url":"https:\/\/cobadent.com\/politica-de-cookies\/","name":"POL\u00cdTICA DE COOKIES - cobadent","isPartOf":{"@id":"https:\/\/cobadent.com\/#website"},"datePublished":"2024-05-23T05:43:59+00:00","dateModified":"2024-09-05T18:18:34+00:00","breadcrumb":{"@id":"https:\/\/cobadent.com\/politica-de-cookies\/#breadcrumb"},"inLanguage":"en-US","potentialAction":[{"@type":"ReadAction","target":["https:\/\/cobadent.com\/politica-de-cookies\/"]}]},{"@type":"BreadcrumbList","@id":"https:\/\/cobadent.com\/politica-de-cookies\/#breadcrumb","itemListElement":[{"@type":"ListItem","position":1,"name":"Portada","item":"https:\/\/cobadent.com\/"},{"@type":"ListItem","position":2,"name":"POL\u00cdTICA DE COOKIES"}]},{"@type":"WebSite","@id":"https:\/\/cobadent.com\/#website","url":"https:\/\/cobadent.com\/","name":"Cobadent","description":"Cobadent Odontologos","publisher":{"@id":"https:\/\/cobadent.com\/#organization"},"potentialAction":[{"@type":"SearchAction","target":{"@type":"EntryPoint","urlTemplate":"https:\/\/cobadent.com\/?s={search_term_string}"},"query-input":{"@type":"PropertyValueSpecification","valueRequired":true,"valueName":"search_term_string"}}],"inLanguage":"en-US"},{"@type":"Organization","@id":"https:\/\/cobadent.com\/#organization","name":"Cobadent","url":"https:\/\/cobadent.com\/","logo":{"@type":"ImageObject","inLanguage":"en-US","@id":"https:\/\/cobadent.com\/#\/schema\/logo\/image\/","url":"https:\/\/cobadent.com\/wp-content\/uploads\/2024\/07\/cropped-Logo-Cobadent-300x119-1.png","contentUrl":"https:\/\/cobadent.com\/wp-content\/uploads\/2024\/07\/cropped-Logo-Cobadent-300x119-1.png","width":300,"height":119,"caption":"Cobadent"},"image":{"@id":"https:\/\/cobadent.com\/#\/schema\/logo\/image\/"},"sameAs":["https:\/\/www.facebook.com\/COBADENTBARRANCO","https:\/\/www.instagram.com\/cobadentbarranco\/","https:\/\/www.tiktok.com\/@cobadent"]}]}},"_links":{"self":[{"href":"https:\/\/cobadent.com\/en\/wp-json\/wp\/v2\/pages\/1481","targetHints":{"allow":["GET"]}}],"collection":[{"href":"https:\/\/cobadent.com\/en\/wp-json\/wp\/v2\/pages"}],"about":[{"href":"https:\/\/cobadent.com\/en\/wp-json\/wp\/v2\/types\/page"}],"author":[{"embeddable":true,"href":"https:\/\/cobadent.com\/en\/wp-json\/wp\/v2\/users\/1"}],"replies":[{"embeddable":true,"href":"https:\/\/cobadent.com\/en\/wp-json\/wp\/v2\/comments?post=1481"}],"version-history":[{"count":3,"href":"https:\/\/cobadent.com\/en\/wp-json\/wp\/v2\/pages\/1481\/revisions"}],"predecessor-version":[{"id":2725,"href":"https:\/\/cobadent.com\/en\/wp-json\/wp\/v2\/pages\/1481\/revisions\/2725"}],"wp:attachment":[{"href":"https:\/\/cobadent.com\/en\/wp-json\/wp\/v2\/media?parent=1481"}],"curies":[{"name":"wp","href":"https:\/\/api.w.org\/{rel}","templated":true}]}}