{"id":239,"date":"2024-04-23T15:47:18","date_gmt":"2024-04-23T15:47:18","guid":{"rendered":"https:\/\/khj.zct.mybluehost.me\/?page_id=239"},"modified":"2024-08-27T22:39:42","modified_gmt":"2024-08-27T22:39:42","slug":"endodoncia-2","status":"publish","type":"page","link":"https:\/\/cobadent.com\/en\/endodoncia-2\/","title":{"rendered":"Endodontics"},"content":{"rendered":"<div data-elementor-type=\"wp-page\" data-elementor-id=\"239\" class=\"elementor elementor-239\" data-elementor-post-type=\"page\">\n\t\t\t\t<div class=\"elementor-element elementor-element-2e485a5 e-con-full e-flex e-con e-parent\" data-id=\"2e485a5\" data-element_type=\"container\" data-settings=\"{&quot;background_background&quot;:&quot;classic&quot;}\">\n\t\t<div class=\"elementor-element elementor-element-6df8be0 e-con-full e-flex e-con e-child\" data-id=\"6df8be0\" data-element_type=\"container\" data-settings=\"{&quot;background_background&quot;:&quot;gradient&quot;}\">\n\t\t<div class=\"elementor-element elementor-element-ea3c831 e-con-full e-flex e-con e-child\" data-id=\"ea3c831\" data-element_type=\"container\" data-settings=\"{&quot;background_background&quot;:&quot;gradient&quot;}\">\n\t\t<div class=\"elementor-element elementor-element-7f8d60f e-con-full e-flex e-con e-child\" data-id=\"7f8d60f\" data-element_type=\"container\">\n\t\t<div class=\"elementor-element elementor-element-1d02f56 e-con-full e-flex e-con e-child\" data-id=\"1d02f56\" data-element_type=\"container\">\n\t\t\t\t<div class=\"elementor-element elementor-element-588ef9a elementor-widget elementor-widget-text-editor\" data-id=\"588ef9a\" data-element_type=\"widget\" data-widget_type=\"text-editor.default\">\n\t\t\t\t<div class=\"elementor-widget-container\">\n\t\t\t\t\t\t\t\t\t<p>Endodontics<\/p>\t\t\t\t\t\t\t\t<\/div>\n\t\t\t\t<\/div>\n\t\t\t\t<\/div>\n\t\t\t\t<\/div>\n\t\t\t\t<\/div>\n\t\t\t\t<\/div>\n\t\t\t\t<\/div>\n\t\t<div class=\"elementor-element elementor-element-af3acf9 e-grid e-con-boxed e-con e-parent\" data-id=\"af3acf9\" data-element_type=\"container\" data-settings=\"{&quot;background_background&quot;:&quot;classic&quot;}\">\n\t\t\t\t\t<div class=\"e-con-inner\">\n\t\t<div class=\"elementor-element elementor-element-88d90f2 e-flex e-con-boxed e-con e-child\" data-id=\"88d90f2\" data-element_type=\"container\">\n\t\t\t\t\t<div class=\"e-con-inner\">\n\t\t\t\t<div class=\"elementor-element elementor-element-110be31 elementor-widget elementor-widget-heading\" data-id=\"110be31\" data-element_type=\"widget\" data-widget_type=\"heading.default\">\n\t\t\t\t<div class=\"elementor-widget-container\">\n\t\t\t\t\t<h2 class=\"elementor-heading-title elementor-size-default\">What is Endodontics?<\/h2>\t\t\t\t<\/div>\n\t\t\t\t<\/div>\n\t\t\t\t<div class=\"elementor-element elementor-element-8fb198f elementor-widget__width-initial elementor-widget elementor-widget-text-editor\" data-id=\"8fb198f\" data-element_type=\"widget\" data-widget_type=\"text-editor.default\">\n\t\t\t\t<div class=\"elementor-widget-container\">\n\t\t\t\t\t\t\t\t\t<p>Endodontics or root canal treatment is a dental specialty that treats the dental pulp (cavity containing the nerve), blood vessels and connective tissue. It is performed to eliminate pain, inflammation and infection caused by deep cavities, fracturesfractures, or trauma.<\/p>\t\t\t\t\t\t\t\t<\/div>\n\t\t\t\t<\/div>\n\t\t\t\t\t<\/div>\n\t\t\t\t<\/div>\n\t\t<div class=\"elementor-element elementor-element-f7514bb elementor-hidden-mobile elementor-hidden-tablet e-flex e-con-boxed e-con e-child\" data-id=\"f7514bb\" data-element_type=\"container\">\n\t\t\t\t\t<div class=\"e-con-inner\">\n\t\t\t\t\t<\/div>\n\t\t\t\t<\/div>\n\t\t\t\t\t<\/div>\n\t\t\t\t<\/div>\n\t\t<div class=\"elementor-element elementor-element-f1ab0a3 e-grid e-con-boxed e-con e-parent\" data-id=\"f1ab0a3\" data-element_type=\"container\" data-settings=\"{&quot;background_background&quot;:&quot;classic&quot;}\">\n\t\t\t\t\t<div class=\"e-con-inner\">\n\t\t<div class=\"elementor-element elementor-element-77f264b elementor-hidden-mobile e-flex e-con-boxed e-con e-child\" data-id=\"77f264b\" data-element_type=\"container\">\n\t\t\t\t\t<div class=\"e-con-inner\">\n\t\t\t\t\t<\/div>\n\t\t\t\t<\/div>\n\t\t<div class=\"elementor-element elementor-element-7683a1c e-flex e-con-boxed e-con e-child\" data-id=\"7683a1c\" data-element_type=\"container\">\n\t\t\t\t\t<div class=\"e-con-inner\">\n\t\t\t\t<div class=\"elementor-element elementor-element-56b1bbc elementor-widget elementor-widget-heading\" data-id=\"56b1bbc\" data-element_type=\"widget\" data-widget_type=\"heading.default\">\n\t\t\t\t<div class=\"elementor-widget-container\">\n\t\t\t\t\t<h2 class=\"elementor-heading-title elementor-size-default\">How is the procedure?<\/h2>\t\t\t\t<\/div>\n\t\t\t\t<\/div>\n\t\t\t\t<div class=\"elementor-element elementor-element-e57e9e4 elementor-widget__width-initial elementor-widget elementor-widget-text-editor\" data-id=\"e57e9e4\" data-element_type=\"widget\" data-widget_type=\"text-editor.default\">\n\t\t\t\t<div class=\"elementor-widget-container\">\n\t\t\t\t\t\t\t\t\t<p>First, a clinical and radiographic and\/or tomographic diagnosis is needed to evaluate the complexity and anatomy of the root canals. The procedure involves removal of the nerve, cleaning, disinfection, and preparation of the canals, followed by sealing.<\/p>\t\t\t\t\t\t\t\t<\/div>\n\t\t\t\t<\/div>\n\t\t\t\t\t<\/div>\n\t\t\t\t<\/div>\n\t\t\t\t\t<\/div>\n\t\t\t\t<\/div>\n\t\t<div class=\"elementor-element elementor-element-63f57fc elementor-hidden-tablet elementor-hidden-mobile e-flex e-con-boxed e-con e-parent\" data-id=\"63f57fc\" data-element_type=\"container\">\n\t\t\t\t\t<div class=\"e-con-inner\">\n\t\t\t\t<div class=\"elementor-element elementor-element-e50671d elementor-widget elementor-widget-heading\" data-id=\"e50671d\" data-element_type=\"widget\" data-widget_type=\"heading.default\">\n\t\t\t\t<div class=\"elementor-widget-container\">\n\t\t\t\t\t<h2 class=\"elementor-heading-title elementor-size-default\">Our gallery<\/h2>\t\t\t\t<\/div>\n\t\t\t\t<\/div>\n\t\t\t\t<div class=\"elementor-element elementor-element-a8bd068 elementor-widget__width-initial gallery-spacing-custom elementor-widget elementor-widget-image-gallery\" data-id=\"a8bd068\" data-element_type=\"widget\" data-widget_type=\"image-gallery.default\">\n\t\t\t\t<div class=\"elementor-widget-container\">\n\t\t\t\t\t\t\t<div class=\"elementor-image-gallery\">\n\t\t\t<div id='gallery-1' class='gallery galleryid-239 gallery-columns-4 gallery-size-medium'><figure class='gallery-item'>\n\t\t\t<div class='gallery-icon portrait'>\n\t\t\t\t<a data-elementor-open-lightbox=\"yes\" data-elementor-lightbox-slideshow=\"a8bd068\" data-elementor-lightbox-title=\"Endodoncia\" data-e-action-hash=\"#elementor-action%3Aaction%3Dlightbox%26settings%3DeyJpZCI6MjE2NSwidXJsIjoiaHR0cHM6XC9cL2NvYmFkZW50LmNvbVwvd3AtY29udGVudFwvdXBsb2Fkc1wvMjAyNFwvMDhcL2VuZC1nYWwtZjMtMjI1eDMwMC0xLnBuZyIsInNsaWRlc2hvdyI6ImE4YmQwNjgifQ%3D%3D\" href='https:\/\/cobadent.com\/wp-content\/uploads\/2024\/08\/end-gal-f3-225x300-1.png'><img fetchpriority=\"high\" decoding=\"async\" width=\"225\" height=\"300\" src=\"https:\/\/cobadent.com\/wp-content\/uploads\/2024\/08\/end-gal-f3-225x300-1.png\" class=\"attachment-medium size-medium\" alt=\"\" \/><\/a>\n\t\t\t<\/div><\/figure><figure class='gallery-item'>\n\t\t\t<div class='gallery-icon portrait'>\n\t\t\t\t<a data-elementor-open-lightbox=\"yes\" data-elementor-lightbox-slideshow=\"a8bd068\" data-elementor-lightbox-title=\"RX ENDODONCIA (1)\" data-e-action-hash=\"#elementor-action%3Aaction%3Dlightbox%26settings%3DeyJpZCI6MjIxOSwidXJsIjoiaHR0cHM6XC9cL2NvYmFkZW50LmNvbVwvd3AtY29udGVudFwvdXBsb2Fkc1wvMjAyNFwvMDhcL1JYLUVORE9ET05DSUEtMS5wbmciLCJzbGlkZXNob3ciOiJhOGJkMDY4In0%3D\" href='https:\/\/cobadent.com\/wp-content\/uploads\/2024\/08\/RX-ENDODONCIA-1.png'><img decoding=\"async\" width=\"227\" height=\"300\" src=\"https:\/\/cobadent.com\/wp-content\/uploads\/2024\/08\/RX-ENDODONCIA-1-227x300.png\" class=\"attachment-medium size-medium\" alt=\"\" srcset=\"https:\/\/cobadent.com\/wp-content\/uploads\/2024\/08\/RX-ENDODONCIA-1-227x300.png 227w, https:\/\/cobadent.com\/wp-content\/uploads\/2024\/08\/RX-ENDODONCIA-1-9x12.png 9w, https:\/\/cobadent.com\/wp-content\/uploads\/2024\/08\/RX-ENDODONCIA-1.png 673w\" sizes=\"(max-width: 227px) 100vw, 227px\" \/><\/a>\n\t\t\t<\/div><\/figure><figure class='gallery-item'>\n\t\t\t<div class='gallery-icon portrait'>\n\t\t\t\t<a data-elementor-open-lightbox=\"yes\" data-elementor-lightbox-slideshow=\"a8bd068\" data-elementor-lightbox-title=\"RX ENDODONCIA (3)\" data-e-action-hash=\"#elementor-action%3Aaction%3Dlightbox%26settings%3DeyJpZCI6MjIyMCwidXJsIjoiaHR0cHM6XC9cL2NvYmFkZW50LmNvbVwvd3AtY29udGVudFwvdXBsb2Fkc1wvMjAyNFwvMDhcL1JYLUVORE9ET05DSUEtMy5wbmciLCJzbGlkZXNob3ciOiJhOGJkMDY4In0%3D\" href='https:\/\/cobadent.com\/wp-content\/uploads\/2024\/08\/RX-ENDODONCIA-3.png'><img decoding=\"async\" width=\"227\" height=\"300\" src=\"https:\/\/cobadent.com\/wp-content\/uploads\/2024\/08\/RX-ENDODONCIA-3-227x300.png\" class=\"attachment-medium size-medium\" alt=\"\" srcset=\"https:\/\/cobadent.com\/wp-content\/uploads\/2024\/08\/RX-ENDODONCIA-3-227x300.png 227w, https:\/\/cobadent.com\/wp-content\/uploads\/2024\/08\/RX-ENDODONCIA-3-9x12.png 9w, https:\/\/cobadent.com\/wp-content\/uploads\/2024\/08\/RX-ENDODONCIA-3.png 673w\" sizes=\"(max-width: 227px) 100vw, 227px\" \/><\/a>\n\t\t\t<\/div><\/figure><figure class='gallery-item'>\n\t\t\t<div class='gallery-icon portrait'>\n\t\t\t\t<a data-elementor-open-lightbox=\"yes\" data-elementor-lightbox-slideshow=\"a8bd068\" data-elementor-lightbox-title=\"RX ENDODONCIA (2)\" data-e-action-hash=\"#elementor-action%3Aaction%3Dlightbox%26settings%3DeyJpZCI6MjIyMSwidXJsIjoiaHR0cHM6XC9cL2NvYmFkZW50LmNvbVwvd3AtY29udGVudFwvdXBsb2Fkc1wvMjAyNFwvMDhcL1JYLUVORE9ET05DSUEtMi5wbmciLCJzbGlkZXNob3ciOiJhOGJkMDY4In0%3D\" href='https:\/\/cobadent.com\/wp-content\/uploads\/2024\/08\/RX-ENDODONCIA-2.png'><img loading=\"lazy\" decoding=\"async\" width=\"227\" height=\"300\" src=\"https:\/\/cobadent.com\/wp-content\/uploads\/2024\/08\/RX-ENDODONCIA-2-227x300.png\" class=\"attachment-medium size-medium\" alt=\"\" srcset=\"https:\/\/cobadent.com\/wp-content\/uploads\/2024\/08\/RX-ENDODONCIA-2-227x300.png 227w, https:\/\/cobadent.com\/wp-content\/uploads\/2024\/08\/RX-ENDODONCIA-2-9x12.png 9w, https:\/\/cobadent.com\/wp-content\/uploads\/2024\/08\/RX-ENDODONCIA-2.png 673w\" sizes=\"(max-width: 227px) 100vw, 227px\" \/><\/a>\n\t\t\t<\/div><\/figure>\n\t\t<\/div>\n\t\t<\/div>\n\t\t\t\t\t\t<\/div>\n\t\t\t\t<\/div>\n\t\t\t\t\t<\/div>\n\t\t\t\t<\/div>\n\t\t<div class=\"elementor-element elementor-element-e2763e0 elementor-hidden-desktop e-flex e-con-boxed e-con e-parent\" data-id=\"e2763e0\" data-element_type=\"container\">\n\t\t\t\t\t<div class=\"e-con-inner\">\n\t\t\t\t<div class=\"elementor-element elementor-element-371db26 elementor-widget elementor-widget-heading\" data-id=\"371db26\" data-element_type=\"widget\" data-widget_type=\"heading.default\">\n\t\t\t\t<div class=\"elementor-widget-container\">\n\t\t\t\t\t<h2 class=\"elementor-heading-title elementor-size-default\">Our gallery<\/h2>\t\t\t\t<\/div>\n\t\t\t\t<\/div>\n\t\t\t\t<div class=\"elementor-element elementor-element-133abdf elementor-arrows-position-inside elementor-pagination-position-outside elementor-widget elementor-widget-image-carousel\" data-id=\"133abdf\" data-element_type=\"widget\" data-settings=\"{&quot;slides_to_show&quot;:&quot;1&quot;,&quot;navigation&quot;:&quot;both&quot;,&quot;autoplay&quot;:&quot;yes&quot;,&quot;pause_on_hover&quot;:&quot;yes&quot;,&quot;pause_on_interaction&quot;:&quot;yes&quot;,&quot;autoplay_speed&quot;:5000,&quot;infinite&quot;:&quot;yes&quot;,&quot;effect&quot;:&quot;slide&quot;,&quot;speed&quot;:500}\" data-widget_type=\"image-carousel.default\">\n\t\t\t\t<div class=\"elementor-widget-container\">\n\t\t\t\t\t\t\t<div class=\"elementor-image-carousel-wrapper swiper\" role=\"region\" aria-roledescription=\"carousel\" aria-label=\"Image Carousel\" dir=\"ltr\">\n\t\t\t<div class=\"elementor-image-carousel swiper-wrapper\" aria-live=\"off\">\n\t\t\t\t\t\t\t\t<div class=\"swiper-slide\" role=\"group\" aria-roledescription=\"slide\" aria-label=\"1 of 4\"><figure class=\"swiper-slide-inner\"><img decoding=\"async\" class=\"swiper-slide-image\" src=\"https:\/\/cobadent.com\/wp-content\/uploads\/2024\/08\/end-gal-f3-225x300-1.png\" alt=\"Endodoncia\" \/><\/figure><\/div><div class=\"swiper-slide\" role=\"group\" aria-roledescription=\"slide\" aria-label=\"2 of 4\"><figure class=\"swiper-slide-inner\"><img decoding=\"async\" class=\"swiper-slide-image\" src=\"https:\/\/cobadent.com\/wp-content\/uploads\/2024\/08\/RX-ENDODONCIA-2-227x300.png\" alt=\"RX ENDODONCIA (2)\" \/><\/figure><\/div><div class=\"swiper-slide\" role=\"group\" aria-roledescription=\"slide\" aria-label=\"3 of 4\"><figure class=\"swiper-slide-inner\"><img decoding=\"async\" class=\"swiper-slide-image\" src=\"https:\/\/cobadent.com\/wp-content\/uploads\/2024\/08\/RX-ENDODONCIA-3-227x300.png\" alt=\"RX ENDODONCIA (3)\" \/><\/figure><\/div><div class=\"swiper-slide\" role=\"group\" aria-roledescription=\"slide\" aria-label=\"4 of 4\"><figure class=\"swiper-slide-inner\"><img decoding=\"async\" class=\"swiper-slide-image\" src=\"https:\/\/cobadent.com\/wp-content\/uploads\/2024\/08\/RX-ENDODONCIA-1-227x300.png\" alt=\"RX ENDODONCIA (1)\" \/><\/figure><\/div>\t\t\t<\/div>\n\t\t\t\t\t\t\t\t\t\t\t\t<div class=\"elementor-swiper-button elementor-swiper-button-prev\" role=\"button\" tabindex=\"0\">\n\t\t\t\t\t\t<svg aria-hidden=\"true\" class=\"e-font-icon-svg e-eicon-chevron-left\" viewbox=\"0 0 1000 1000\" xmlns=\"http:\/\/www.w3.org\/2000\/svg\"><path d=\"M646 125C629 125 613 133 604 142L308 442C296 454 292 471 292 487 292 504 296 521 308 533L604 854C617 867 629 875 646 875 663 875 679 871 692 858 704 846 713 829 713 812 713 796 708 779 692 767L438 487 692 225C700 217 708 204 708 187 708 171 704 154 692 142 675 129 663 125 646 125Z\"><\/path><\/svg>\t\t\t\t\t<\/div>\n\t\t\t\t\t<div class=\"elementor-swiper-button elementor-swiper-button-next\" role=\"button\" tabindex=\"0\">\n\t\t\t\t\t\t<svg aria-hidden=\"true\" class=\"e-font-icon-svg e-eicon-chevron-right\" viewbox=\"0 0 1000 1000\" xmlns=\"http:\/\/www.w3.org\/2000\/svg\"><path d=\"M696 533C708 521 713 504 713 487 713 471 708 454 696 446L400 146C388 133 375 125 354 125 338 125 325 129 313 142 300 154 292 171 292 187 292 204 296 221 308 233L563 492 304 771C292 783 288 800 288 817 288 833 296 850 308 863 321 871 338 875 354 875 371 875 388 867 400 854L696 533Z\"><\/path><\/svg>\t\t\t\t\t<\/div>\n\t\t\t\t\n\t\t\t\t\t\t\t\t\t<div class=\"swiper-pagination\"><\/div>\n\t\t\t\t\t\t\t\t\t<\/div>\n\t\t\t\t\t\t<\/div>\n\t\t\t\t<\/div>\n\t\t\t\t\t<\/div>\n\t\t\t\t<\/div>\n\t\t<div class=\"elementor-element elementor-element-8ed60ad e-flex e-con-boxed e-con e-parent\" data-id=\"8ed60ad\" data-element_type=\"container\" data-settings=\"{&quot;background_background&quot;:&quot;classic&quot;}\">\n\t\t\t\t\t<div class=\"e-con-inner\">\n\t\t\t\t<div class=\"elementor-element elementor-element-a6c9aa7 elementor-widget elementor-widget-image\" data-id=\"a6c9aa7\" data-element_type=\"widget\" data-widget_type=\"image.default\">\n\t\t\t\t<div class=\"elementor-widget-container\">\n\t\t\t\t\t\t\t\t\t\t\t\t\t\t\t<img loading=\"lazy\" decoding=\"async\" width=\"242\" height=\"190\" src=\"https:\/\/cobadent.com\/wp-content\/uploads\/2024\/08\/end-thooth.png\" class=\"attachment-medium size-medium wp-image-2162\" alt=\"\" \/>\t\t\t\t\t\t\t\t\t\t\t\t\t\t\t<\/div>\n\t\t\t\t<\/div>\n\t\t\t\t<div class=\"elementor-element elementor-element-77ba1c5 elementor-widget__width-initial elementor-widget elementor-widget-text-editor\" data-id=\"77ba1c5\" data-element_type=\"widget\" data-widget_type=\"text-editor.default\">\n\t\t\t\t<div class=\"elementor-widget-container\">\n\t\t\t\t\t\t\t\t\t<p class=\"translation-block\">Are you experiencing severe pain, swelling or tooth sensitivity?<\/p>\t\t\t\t\t\t\t\t<\/div>\n\t\t\t\t<\/div>\n\t\t\t\t<div class=\"elementor-element elementor-element-7d2c526 elementor-widget elementor-widget-button\" data-id=\"7d2c526\" data-element_type=\"widget\" data-widget_type=\"button.default\">\n\t\t\t\t<div class=\"elementor-widget-container\">\n\t\t\t\t\t\t\t\t\t<div class=\"elementor-button-wrapper\">\n\t\t\t\t\t<a class=\"elementor-button elementor-button-link elementor-size-sm elementor-animation-grow\" href=\"https:\/\/cobadent.com\/en\/agenda-tu-cita\/\">\n\t\t\t\t\t\t<span class=\"elementor-button-content-wrapper\">\n\t\t\t\t\t\t\t\t\t<span class=\"elementor-button-text\">Book your appointment TODAY.<\/span>\n\t\t\t\t\t<\/span>\n\t\t\t\t\t<\/a>\n\t\t\t\t<\/div>\n\t\t\t\t\t\t\t\t<\/div>\n\t\t\t\t<\/div>\n\t\t\t\t\t<\/div>\n\t\t\t\t<\/div>\n\t\t\t\t<\/div>","protected":false},"excerpt":{"rendered":"<p>Endodoncia \u00bfQu\u00e9 es la Endodoncia? Endodoncia o tratamiento de conductos es una especialidad dental que elimina la pulpa dental (nervios, vasos sangu\u00edneos y tejido conectivo) para eliminar el dolor, inflamaci\u00f3n y la infecci\u00f3n causados por caries profundas, fracturas o traumatismos. \u00bfC\u00f3mo es el procedimiento? Primero se necesita un diagn\u00f3stico cl\u00ednico y radiogr\u00e1fico y\/o tomogr\u00e1fico para [&hellip;]<\/p>","protected":false},"author":1,"featured_media":0,"parent":0,"menu_order":0,"comment_status":"closed","ping_status":"closed","template":"elementor_header_footer","meta":{"_acf_changed":false,"footnotes":""},"class_list":["post-239","page","type-page","status-publish","hentry"],"acf":[],"yoast_head":"<!-- This site is optimized with the Yoast SEO plugin v26.9 - https:\/\/yoast.com\/product\/yoast-seo-wordpress\/ -->\n<title>Endodoncia - cobadent<\/title>\n<meta name=\"robots\" content=\"index, follow, max-snippet:-1, max-image-preview:large, max-video-preview:-1\" \/>\n<link rel=\"canonical\" href=\"https:\/\/cobadent.com\/en\/endodoncia-2\/\" \/>\n<meta property=\"og:locale\" content=\"en_US\" \/>\n<meta property=\"og:type\" content=\"article\" \/>\n<meta property=\"og:title\" content=\"Endodoncia - cobadent\" \/>\n<meta property=\"og:description\" content=\"Endodoncia \u00bfQu\u00e9 es la Endodoncia? Endodoncia o tratamiento de conductos es una especialidad dental que elimina la pulpa dental (nervios, vasos sangu\u00edneos y tejido conectivo) para eliminar el dolor, inflamaci\u00f3n y la infecci\u00f3n causados por caries profundas, fracturas o traumatismos. \u00bfC\u00f3mo es el procedimiento? Primero se necesita un diagn\u00f3stico cl\u00ednico y radiogr\u00e1fico y\/o tomogr\u00e1fico para [&hellip;]\" \/>\n<meta property=\"og:url\" content=\"https:\/\/cobadent.com\/en\/endodoncia-2\/\" \/>\n<meta property=\"og:site_name\" content=\"cobadent\" \/>\n<meta property=\"article:publisher\" content=\"https:\/\/www.facebook.com\/COBADENTBARRANCO\" \/>\n<meta property=\"article:modified_time\" content=\"2024-08-27T22:39:42+00:00\" \/>\n<meta property=\"og:image\" content=\"https:\/\/cobadent.com\/wp-content\/uploads\/2024\/08\/end-gal-f3-225x300-1.png\" \/>\n<meta name=\"twitter:card\" content=\"summary_large_image\" \/>\n<meta name=\"twitter:label1\" content=\"Est. reading time\" \/>\n\t<meta name=\"twitter:data1\" content=\"2 minutes\" \/>\n<script type=\"application\/ld+json\" class=\"yoast-schema-graph\">{\"@context\":\"https:\/\/schema.org\",\"@graph\":[{\"@type\":\"WebPage\",\"@id\":\"https:\/\/cobadent.com\/endodoncia-2\/\",\"url\":\"https:\/\/cobadent.com\/endodoncia-2\/\",\"name\":\"Endodoncia - cobadent\",\"isPartOf\":{\"@id\":\"https:\/\/cobadent.com\/#website\"},\"primaryImageOfPage\":{\"@id\":\"https:\/\/cobadent.com\/endodoncia-2\/#primaryimage\"},\"image\":{\"@id\":\"https:\/\/cobadent.com\/endodoncia-2\/#primaryimage\"},\"thumbnailUrl\":\"https:\/\/cobadent.com\/wp-content\/uploads\/2024\/08\/end-gal-f3-225x300-1.png\",\"datePublished\":\"2024-04-23T15:47:18+00:00\",\"dateModified\":\"2024-08-27T22:39:42+00:00\",\"breadcrumb\":{\"@id\":\"https:\/\/cobadent.com\/endodoncia-2\/#breadcrumb\"},\"inLanguage\":\"en-US\",\"potentialAction\":[{\"@type\":\"ReadAction\",\"target\":[\"https:\/\/cobadent.com\/endodoncia-2\/\"]}]},{\"@type\":\"ImageObject\",\"inLanguage\":\"en-US\",\"@id\":\"https:\/\/cobadent.com\/endodoncia-2\/#primaryimage\",\"url\":\"https:\/\/cobadent.com\/wp-content\/uploads\/2024\/08\/end-gal-f3-225x300-1.png\",\"contentUrl\":\"https:\/\/cobadent.com\/wp-content\/uploads\/2024\/08\/end-gal-f3-225x300-1.png\"},{\"@type\":\"BreadcrumbList\",\"@id\":\"https:\/\/cobadent.com\/endodoncia-2\/#breadcrumb\",\"itemListElement\":[{\"@type\":\"ListItem\",\"position\":1,\"name\":\"Portada\",\"item\":\"https:\/\/cobadent.com\/\"},{\"@type\":\"ListItem\",\"position\":2,\"name\":\"Endodoncia\"}]},{\"@type\":\"WebSite\",\"@id\":\"https:\/\/cobadent.com\/#website\",\"url\":\"https:\/\/cobadent.com\/\",\"name\":\"Cobadent\",\"description\":\"Cobadent Odontologos\",\"publisher\":{\"@id\":\"https:\/\/cobadent.com\/#organization\"},\"potentialAction\":[{\"@type\":\"SearchAction\",\"target\":{\"@type\":\"EntryPoint\",\"urlTemplate\":\"https:\/\/cobadent.com\/?s={search_term_string}\"},\"query-input\":{\"@type\":\"PropertyValueSpecification\",\"valueRequired\":true,\"valueName\":\"search_term_string\"}}],\"inLanguage\":\"en-US\"},{\"@type\":\"Organization\",\"@id\":\"https:\/\/cobadent.com\/#organization\",\"name\":\"Cobadent\",\"url\":\"https:\/\/cobadent.com\/\",\"logo\":{\"@type\":\"ImageObject\",\"inLanguage\":\"en-US\",\"@id\":\"https:\/\/cobadent.com\/#\/schema\/logo\/image\/\",\"url\":\"https:\/\/cobadent.com\/wp-content\/uploads\/2024\/07\/cropped-Logo-Cobadent-300x119-1.png\",\"contentUrl\":\"https:\/\/cobadent.com\/wp-content\/uploads\/2024\/07\/cropped-Logo-Cobadent-300x119-1.png\",\"width\":300,\"height\":119,\"caption\":\"Cobadent\"},\"image\":{\"@id\":\"https:\/\/cobadent.com\/#\/schema\/logo\/image\/\"},\"sameAs\":[\"https:\/\/www.facebook.com\/COBADENTBARRANCO\",\"https:\/\/www.instagram.com\/cobadentbarranco\/\",\"https:\/\/www.tiktok.com\/@cobadent\"]}]}<\/script>\n<!-- \/ Yoast SEO plugin. -->","yoast_head_json":{"title":"Endodoncia - cobadent","robots":{"index":"index","follow":"follow","max-snippet":"max-snippet:-1","max-image-preview":"max-image-preview:large","max-video-preview":"max-video-preview:-1"},"canonical":"https:\/\/cobadent.com\/en\/endodoncia-2\/","og_locale":"en_US","og_type":"article","og_title":"Endodoncia - cobadent","og_description":"Endodoncia \u00bfQu\u00e9 es la Endodoncia? Endodoncia o tratamiento de conductos es una especialidad dental que elimina la pulpa dental (nervios, vasos sangu\u00edneos y tejido conectivo) para eliminar el dolor, inflamaci\u00f3n y la infecci\u00f3n causados por caries profundas, fracturas o traumatismos. \u00bfC\u00f3mo es el procedimiento? Primero se necesita un diagn\u00f3stico cl\u00ednico y radiogr\u00e1fico y\/o tomogr\u00e1fico para [&hellip;]","og_url":"https:\/\/cobadent.com\/en\/endodoncia-2\/","og_site_name":"cobadent","article_publisher":"https:\/\/www.facebook.com\/COBADENTBARRANCO","article_modified_time":"2024-08-27T22:39:42+00:00","og_image":[{"url":"https:\/\/cobadent.com\/wp-content\/uploads\/2024\/08\/end-gal-f3-225x300-1.png","type":"","width":"","height":""}],"twitter_card":"summary_large_image","twitter_misc":{"Est. reading time":"2 minutes"},"schema":{"@context":"https:\/\/schema.org","@graph":[{"@type":"WebPage","@id":"https:\/\/cobadent.com\/endodoncia-2\/","url":"https:\/\/cobadent.com\/endodoncia-2\/","name":"Endodoncia - cobadent","isPartOf":{"@id":"https:\/\/cobadent.com\/#website"},"primaryImageOfPage":{"@id":"https:\/\/cobadent.com\/endodoncia-2\/#primaryimage"},"image":{"@id":"https:\/\/cobadent.com\/endodoncia-2\/#primaryimage"},"thumbnailUrl":"https:\/\/cobadent.com\/wp-content\/uploads\/2024\/08\/end-gal-f3-225x300-1.png","datePublished":"2024-04-23T15:47:18+00:00","dateModified":"2024-08-27T22:39:42+00:00","breadcrumb":{"@id":"https:\/\/cobadent.com\/endodoncia-2\/#breadcrumb"},"inLanguage":"en-US","potentialAction":[{"@type":"ReadAction","target":["https:\/\/cobadent.com\/endodoncia-2\/"]}]},{"@type":"ImageObject","inLanguage":"en-US","@id":"https:\/\/cobadent.com\/endodoncia-2\/#primaryimage","url":"https:\/\/cobadent.com\/wp-content\/uploads\/2024\/08\/end-gal-f3-225x300-1.png","contentUrl":"https:\/\/cobadent.com\/wp-content\/uploads\/2024\/08\/end-gal-f3-225x300-1.png"},{"@type":"BreadcrumbList","@id":"https:\/\/cobadent.com\/endodoncia-2\/#breadcrumb","itemListElement":[{"@type":"ListItem","position":1,"name":"Portada","item":"https:\/\/cobadent.com\/"},{"@type":"ListItem","position":2,"name":"Endodoncia"}]},{"@type":"WebSite","@id":"https:\/\/cobadent.com\/#website","url":"https:\/\/cobadent.com\/","name":"Cobadent","description":"Cobadent Odontologos","publisher":{"@id":"https:\/\/cobadent.com\/#organization"},"potentialAction":[{"@type":"SearchAction","target":{"@type":"EntryPoint","urlTemplate":"https:\/\/cobadent.com\/?s={search_term_string}"},"query-input":{"@type":"PropertyValueSpecification","valueRequired":true,"valueName":"search_term_string"}}],"inLanguage":"en-US"},{"@type":"Organization","@id":"https:\/\/cobadent.com\/#organization","name":"Cobadent","url":"https:\/\/cobadent.com\/","logo":{"@type":"ImageObject","inLanguage":"en-US","@id":"https:\/\/cobadent.com\/#\/schema\/logo\/image\/","url":"https:\/\/cobadent.com\/wp-content\/uploads\/2024\/07\/cropped-Logo-Cobadent-300x119-1.png","contentUrl":"https:\/\/cobadent.com\/wp-content\/uploads\/2024\/07\/cropped-Logo-Cobadent-300x119-1.png","width":300,"height":119,"caption":"Cobadent"},"image":{"@id":"https:\/\/cobadent.com\/#\/schema\/logo\/image\/"},"sameAs":["https:\/\/www.facebook.com\/COBADENTBARRANCO","https:\/\/www.instagram.com\/cobadentbarranco\/","https:\/\/www.tiktok.com\/@cobadent"]}]}},"_links":{"self":[{"href":"https:\/\/cobadent.com\/en\/wp-json\/wp\/v2\/pages\/239","targetHints":{"allow":["GET"]}}],"collection":[{"href":"https:\/\/cobadent.com\/en\/wp-json\/wp\/v2\/pages"}],"about":[{"href":"https:\/\/cobadent.com\/en\/wp-json\/wp\/v2\/types\/page"}],"author":[{"embeddable":true,"href":"https:\/\/cobadent.com\/en\/wp-json\/wp\/v2\/users\/1"}],"replies":[{"embeddable":true,"href":"https:\/\/cobadent.com\/en\/wp-json\/wp\/v2\/comments?post=239"}],"version-history":[{"count":19,"href":"https:\/\/cobadent.com\/en\/wp-json\/wp\/v2\/pages\/239\/revisions"}],"predecessor-version":[{"id":2457,"href":"https:\/\/cobadent.com\/en\/wp-json\/wp\/v2\/pages\/239\/revisions\/2457"}],"wp:attachment":[{"href":"https:\/\/cobadent.com\/en\/wp-json\/wp\/v2\/media?parent=239"}],"curies":[{"name":"wp","href":"https:\/\/api.w.org\/{rel}","templated":true}]}}