{"id":632,"date":"2024-05-01T03:40:24","date_gmt":"2024-05-01T03:40:24","guid":{"rendered":"https:\/\/cobadent.com\/?page_id=632"},"modified":"2024-09-21T05:24:08","modified_gmt":"2024-09-21T05:24:08","slug":"rehabilitacion-oral","status":"publish","type":"page","link":"https:\/\/cobadent.com\/en\/rehabilitacion-oral\/","title":{"rendered":"Oral rehabilitation"},"content":{"rendered":"<div data-elementor-type=\"wp-page\" data-elementor-id=\"632\" class=\"elementor elementor-632\" data-elementor-post-type=\"page\">\n\t\t\t\t<div class=\"elementor-element elementor-element-2e485a5 e-con-full e-flex e-con e-parent\" data-id=\"2e485a5\" data-element_type=\"container\" data-settings=\"{&quot;background_background&quot;:&quot;classic&quot;}\">\n\t\t<div class=\"elementor-element elementor-element-6df8be0 e-con-full e-flex e-con e-child\" data-id=\"6df8be0\" data-element_type=\"container\" data-settings=\"{&quot;background_background&quot;:&quot;gradient&quot;}\">\n\t\t<div class=\"elementor-element elementor-element-ea3c831 e-con-full e-flex e-con e-child\" data-id=\"ea3c831\" data-element_type=\"container\" data-settings=\"{&quot;background_background&quot;:&quot;gradient&quot;}\">\n\t\t<div class=\"elementor-element elementor-element-7f8d60f e-con-full e-flex e-con e-child\" data-id=\"7f8d60f\" data-element_type=\"container\">\n\t\t<div class=\"elementor-element elementor-element-1d02f56 e-con-full e-flex e-con e-child\" data-id=\"1d02f56\" data-element_type=\"container\">\n\t\t\t\t<div class=\"elementor-element elementor-element-588ef9a elementor-widget elementor-widget-text-editor\" data-id=\"588ef9a\" data-element_type=\"widget\" data-widget_type=\"text-editor.default\">\n\t\t\t\t<div class=\"elementor-widget-container\">\n\t\t\t\t\t\t\t\t\t<p class=\"translation-block\">Oral Rehabilitation<\/p>\t\t\t\t\t\t\t\t<\/div>\n\t\t\t\t<\/div>\n\t\t\t\t<\/div>\n\t\t\t\t<\/div>\n\t\t\t\t<\/div>\n\t\t\t\t<\/div>\n\t\t\t\t<\/div>\n\t\t<div class=\"elementor-element elementor-element-af3acf9 e-grid e-con-boxed e-con e-parent\" data-id=\"af3acf9\" data-element_type=\"container\" data-settings=\"{&quot;background_background&quot;:&quot;classic&quot;}\">\n\t\t\t\t\t<div class=\"e-con-inner\">\n\t\t<div class=\"elementor-element elementor-element-88d90f2 e-flex e-con-boxed e-con e-child\" data-id=\"88d90f2\" data-element_type=\"container\">\n\t\t\t\t\t<div class=\"e-con-inner\">\n\t\t\t\t<div class=\"elementor-element elementor-element-110be31 elementor-widget elementor-widget-heading\" data-id=\"110be31\" data-element_type=\"widget\" data-widget_type=\"heading.default\">\n\t\t\t\t<div class=\"elementor-widget-container\">\n\t\t\t\t\t<h2 class=\"elementor-heading-title elementor-size-default\">What is Oral Rehabilitation?<\/h2>\t\t\t\t<\/div>\n\t\t\t\t<\/div>\n\t\t\t\t<div class=\"elementor-element elementor-element-8fb198f elementor-widget__width-initial elementor-widget elementor-widget-text-editor\" data-id=\"8fb198f\" data-element_type=\"widget\" data-widget_type=\"text-editor.default\">\n\t\t\t\t<div class=\"elementor-widget-container\">\n\t\t\t\t\t\t\t\t\t<p>It is a specialty of dentistry that seeks to restore function, esthetics and oral health to patients who have experienced tooth loss due to dental trauma, extensive and deep decay, periodontal disease, or other serious conditions.<\/p>\t\t\t\t\t\t\t\t<\/div>\n\t\t\t\t<\/div>\n\t\t\t\t\t<\/div>\n\t\t\t\t<\/div>\n\t\t<div class=\"elementor-element elementor-element-f7514bb elementor-hidden-mobile e-con-full e-flex e-con e-child\" data-id=\"f7514bb\" data-element_type=\"container\">\n\t\t\t\t<\/div>\n\t\t\t\t\t<\/div>\n\t\t\t\t<\/div>\n\t\t<div class=\"elementor-element elementor-element-f1ab0a3 e-grid e-con-boxed e-con e-parent\" data-id=\"f1ab0a3\" data-element_type=\"container\" data-settings=\"{&quot;background_background&quot;:&quot;classic&quot;}\">\n\t\t\t\t\t<div class=\"e-con-inner\">\n\t\t<div class=\"elementor-element elementor-element-77f264b elementor-hidden-mobile e-flex e-con-boxed e-con e-child\" data-id=\"77f264b\" data-element_type=\"container\">\n\t\t\t\t\t<div class=\"e-con-inner\">\n\t\t\t\t\t<\/div>\n\t\t\t\t<\/div>\n\t\t<div class=\"elementor-element elementor-element-7683a1c e-flex e-con-boxed e-con e-child\" data-id=\"7683a1c\" data-element_type=\"container\">\n\t\t\t\t\t<div class=\"e-con-inner\">\n\t\t\t\t<div class=\"elementor-element elementor-element-56b1bbc elementor-widget elementor-widget-heading\" data-id=\"56b1bbc\" data-element_type=\"widget\" data-widget_type=\"heading.default\">\n\t\t\t\t<div class=\"elementor-widget-container\">\n\t\t\t\t\t<h2 class=\"elementor-heading-title elementor-size-default\">Why is it important?<\/h2>\t\t\t\t<\/div>\n\t\t\t\t<\/div>\n\t\t\t\t<div class=\"elementor-element elementor-element-e57e9e4 elementor-widget__width-initial elementor-widget elementor-widget-text-editor\" data-id=\"e57e9e4\" data-element_type=\"widget\" data-widget_type=\"text-editor.default\">\n\t\t\t\t<div class=\"elementor-widget-container\">\n\t\t\t\t\t\t\t\t\t<p>In addition to restoring masticatory function and facial esthetics, oral rehabilitation improves the patient's quality of life by increasing confidence and self-esteem and preventing future oral health problems.<\/p>\t\t\t\t\t\t\t\t<\/div>\n\t\t\t\t<\/div>\n\t\t\t\t\t<\/div>\n\t\t\t\t<\/div>\n\t\t\t\t\t<\/div>\n\t\t\t\t<\/div>\n\t\t<div class=\"elementor-element elementor-element-a952ea2 e-flex e-con-boxed e-con e-parent\" data-id=\"a952ea2\" data-element_type=\"container\">\n\t\t\t\t\t<div class=\"e-con-inner\">\n\t\t\t\t<div class=\"elementor-element elementor-element-b5aa410 elementor-widget elementor-widget-heading\" data-id=\"b5aa410\" data-element_type=\"widget\" data-widget_type=\"heading.default\">\n\t\t\t\t<div class=\"elementor-widget-container\">\n\t\t\t\t\t<h2 class=\"elementor-heading-title elementor-size-default\">Our gallery<\/h2>\t\t\t\t<\/div>\n\t\t\t\t<\/div>\n\t\t\t\t<div class=\"elementor-element elementor-element-df71dd8 elementor-widget__width-initial gallery-spacing-custom elementor-widget elementor-widget-image-gallery\" data-id=\"df71dd8\" data-element_type=\"widget\" data-widget_type=\"image-gallery.default\">\n\t\t\t\t<div class=\"elementor-widget-container\">\n\t\t\t\t\t\t\t<div class=\"elementor-image-gallery\">\n\t\t\t<div id='gallery-1' class='gallery galleryid-632 gallery-columns-1 gallery-size-medium'><figure class='gallery-item'>\n\t\t\t<div class='gallery-icon portrait'>\n\t\t\t\t<a data-elementor-open-lightbox=\"yes\" data-elementor-lightbox-slideshow=\"df71dd8\" data-elementor-lightbox-title=\"Rehabilitaci\u00f3n Oral (1)\" data-e-action-hash=\"#elementor-action%3Aaction%3Dlightbox%26settings%3DeyJpZCI6MTQwMSwidXJsIjoiaHR0cHM6XC9cL2NvYmFkZW50LmNvbVwvd3AtY29udGVudFwvdXBsb2Fkc1wvMjAyNFwvMDVcL1JlaGFiaWxpdGFjaW9uLU9yYWwtMS5qcGciLCJzbGlkZXNob3ciOiJkZjcxZGQ4In0%3D\" href='https:\/\/cobadent.com\/wp-content\/uploads\/2024\/05\/Rehabilitacion-Oral-1.jpg'><img fetchpriority=\"high\" decoding=\"async\" width=\"240\" height=\"300\" src=\"https:\/\/cobadent.com\/wp-content\/uploads\/2024\/05\/Rehabilitacion-Oral-1-240x300.jpg\" class=\"attachment-medium size-medium\" alt=\"\" srcset=\"https:\/\/cobadent.com\/wp-content\/uploads\/2024\/05\/Rehabilitacion-Oral-1-240x300.jpg 240w, https:\/\/cobadent.com\/wp-content\/uploads\/2024\/05\/Rehabilitacion-Oral-1-818x1024.jpg 818w, https:\/\/cobadent.com\/wp-content\/uploads\/2024\/05\/Rehabilitacion-Oral-1-768x961.jpg 768w, https:\/\/cobadent.com\/wp-content\/uploads\/2024\/05\/Rehabilitacion-Oral-1-1228x1536.jpg 1228w, https:\/\/cobadent.com\/wp-content\/uploads\/2024\/05\/Rehabilitacion-Oral-1.jpg 1242w\" sizes=\"(max-width: 240px) 100vw, 240px\" \/><\/a>\n\t\t\t<\/div><\/figure>\n\t\t<\/div>\n\t\t<\/div>\n\t\t\t\t\t\t<\/div>\n\t\t\t\t<\/div>\n\t\t\t\t\t<\/div>\n\t\t\t\t<\/div>\n\t\t<div class=\"elementor-element elementor-element-8ed60ad e-flex e-con-boxed e-con e-parent\" data-id=\"8ed60ad\" data-element_type=\"container\" data-settings=\"{&quot;background_background&quot;:&quot;classic&quot;}\">\n\t\t\t\t\t<div class=\"e-con-inner\">\n\t\t\t\t<div class=\"elementor-element elementor-element-a6c9aa7 elementor-widget elementor-widget-image\" data-id=\"a6c9aa7\" data-element_type=\"widget\" data-widget_type=\"image.default\">\n\t\t\t\t<div class=\"elementor-widget-container\">\n\t\t\t\t\t\t\t\t\t\t\t\t\t\t\t<img decoding=\"async\" width=\"171\" height=\"171\" src=\"https:\/\/cobadent.com\/wp-content\/uploads\/2024\/05\/rehoral-icon.png\" class=\"attachment-medium size-medium wp-image-637\" alt=\"\" srcset=\"https:\/\/cobadent.com\/wp-content\/uploads\/2024\/05\/rehoral-icon.png 171w, https:\/\/cobadent.com\/wp-content\/uploads\/2024\/05\/rehoral-icon-150x150.png 150w\" sizes=\"(max-width: 171px) 100vw, 171px\" \/>\t\t\t\t\t\t\t\t\t\t\t\t\t\t\t<\/div>\n\t\t\t\t<\/div>\n\t\t\t\t<div class=\"elementor-element elementor-element-77ba1c5 elementor-widget__width-initial elementor-widget elementor-widget-text-editor\" data-id=\"77ba1c5\" data-element_type=\"widget\" data-widget_type=\"text-editor.default\">\n\t\t\t\t<div class=\"elementor-widget-container\">\n\t\t\t\t\t\t\t\t\t<p class=\"translation-block\">Have you ever faced dental problems? Recover your oral health and smile with confidence again.<\/p>\t\t\t\t\t\t\t\t<\/div>\n\t\t\t\t<\/div>\n\t\t\t\t<div class=\"elementor-element elementor-element-7d2c526 elementor-widget elementor-widget-button\" data-id=\"7d2c526\" data-element_type=\"widget\" data-widget_type=\"button.default\">\n\t\t\t\t<div class=\"elementor-widget-container\">\n\t\t\t\t\t\t\t\t\t<div class=\"elementor-button-wrapper\">\n\t\t\t\t\t<a class=\"elementor-button elementor-button-link elementor-size-sm elementor-animation-grow\" href=\"http:\/\/localhost\/cobadent\/agenda-tu-cita\/\">\n\t\t\t\t\t\t<span class=\"elementor-button-content-wrapper\">\n\t\t\t\t\t\t\t\t\t<span class=\"elementor-button-text\">Book your appointment TODAY.<\/span>\n\t\t\t\t\t<\/span>\n\t\t\t\t\t<\/a>\n\t\t\t\t<\/div>\n\t\t\t\t\t\t\t\t<\/div>\n\t\t\t\t<\/div>\n\t\t\t\t\t<\/div>\n\t\t\t\t<\/div>\n\t\t\t\t<\/div>","protected":false},"excerpt":{"rendered":"<p>Rehabilitaci\u00f3nOral \u00bfQu\u00e9 es la Rehabilitaci\u00f3n Oral? Es una especialidad de la odontolog\u00eda que busca restaurar la funci\u00f3n, est\u00e9tica y salud bucal de los pacientes que han experimentado alguna p\u00e9rdida dental debido a traumatismos dentales, caries amplias y profundas, enfermedad periodontal u otras afecciones graves. \u00bfPor qu\u00e9 es importante? Adem\u00e1s de restaurar la funci\u00f3n masticatoria y [&hellip;]<\/p>","protected":false},"author":1,"featured_media":0,"parent":0,"menu_order":0,"comment_status":"closed","ping_status":"closed","template":"elementor_header_footer","meta":{"_acf_changed":false,"footnotes":""},"class_list":["post-632","page","type-page","status-publish","hentry"],"acf":[],"yoast_head":"<!-- This site is optimized with the Yoast SEO plugin v26.9 - https:\/\/yoast.com\/product\/yoast-seo-wordpress\/ -->\n<title>Rehabilitaci\u00f3n oral - cobadent<\/title>\n<meta name=\"robots\" content=\"index, follow, max-snippet:-1, max-image-preview:large, max-video-preview:-1\" \/>\n<link rel=\"canonical\" href=\"https:\/\/cobadent.com\/en\/rehabilitacion-oral\/\" \/>\n<meta property=\"og:locale\" content=\"en_US\" \/>\n<meta property=\"og:type\" content=\"article\" \/>\n<meta property=\"og:title\" content=\"Rehabilitaci\u00f3n oral - cobadent\" \/>\n<meta property=\"og:description\" content=\"Rehabilitaci\u00f3nOral \u00bfQu\u00e9 es la Rehabilitaci\u00f3n Oral? Es una especialidad de la odontolog\u00eda que busca restaurar la funci\u00f3n, est\u00e9tica y salud bucal de los pacientes que han experimentado alguna p\u00e9rdida dental debido a traumatismos dentales, caries amplias y profundas, enfermedad periodontal u otras afecciones graves. \u00bfPor qu\u00e9 es importante? Adem\u00e1s de restaurar la funci\u00f3n masticatoria y [&hellip;]\" \/>\n<meta property=\"og:url\" content=\"https:\/\/cobadent.com\/en\/rehabilitacion-oral\/\" \/>\n<meta property=\"og:site_name\" content=\"cobadent\" \/>\n<meta property=\"article:publisher\" content=\"https:\/\/www.facebook.com\/COBADENTBARRANCO\" \/>\n<meta property=\"article:modified_time\" content=\"2024-09-21T05:24:08+00:00\" \/>\n<meta property=\"og:image\" content=\"https:\/\/cobadent.com\/wp-content\/uploads\/2024\/05\/Rehabilitacion-Oral-1-240x300.jpg\" \/>\n<meta name=\"twitter:card\" content=\"summary_large_image\" \/>\n<meta name=\"twitter:label1\" content=\"Est. reading time\" \/>\n\t<meta name=\"twitter:data1\" content=\"1 minute\" \/>\n<script type=\"application\/ld+json\" class=\"yoast-schema-graph\">{\"@context\":\"https:\/\/schema.org\",\"@graph\":[{\"@type\":\"WebPage\",\"@id\":\"https:\/\/cobadent.com\/rehabilitacion-oral\/\",\"url\":\"https:\/\/cobadent.com\/rehabilitacion-oral\/\",\"name\":\"Rehabilitaci\u00f3n oral - cobadent\",\"isPartOf\":{\"@id\":\"https:\/\/cobadent.com\/#website\"},\"primaryImageOfPage\":{\"@id\":\"https:\/\/cobadent.com\/rehabilitacion-oral\/#primaryimage\"},\"image\":{\"@id\":\"https:\/\/cobadent.com\/rehabilitacion-oral\/#primaryimage\"},\"thumbnailUrl\":\"https:\/\/cobadent.com\/wp-content\/uploads\/2024\/05\/Rehabilitacion-Oral-1-240x300.jpg\",\"datePublished\":\"2024-05-01T03:40:24+00:00\",\"dateModified\":\"2024-09-21T05:24:08+00:00\",\"breadcrumb\":{\"@id\":\"https:\/\/cobadent.com\/rehabilitacion-oral\/#breadcrumb\"},\"inLanguage\":\"en-US\",\"potentialAction\":[{\"@type\":\"ReadAction\",\"target\":[\"https:\/\/cobadent.com\/rehabilitacion-oral\/\"]}]},{\"@type\":\"ImageObject\",\"inLanguage\":\"en-US\",\"@id\":\"https:\/\/cobadent.com\/rehabilitacion-oral\/#primaryimage\",\"url\":\"https:\/\/cobadent.com\/wp-content\/uploads\/2024\/05\/Rehabilitacion-Oral-1-240x300.jpg\",\"contentUrl\":\"https:\/\/cobadent.com\/wp-content\/uploads\/2024\/05\/Rehabilitacion-Oral-1-240x300.jpg\"},{\"@type\":\"BreadcrumbList\",\"@id\":\"https:\/\/cobadent.com\/rehabilitacion-oral\/#breadcrumb\",\"itemListElement\":[{\"@type\":\"ListItem\",\"position\":1,\"name\":\"Portada\",\"item\":\"https:\/\/cobadent.com\/\"},{\"@type\":\"ListItem\",\"position\":2,\"name\":\"Rehabilitaci\u00f3n oral\"}]},{\"@type\":\"WebSite\",\"@id\":\"https:\/\/cobadent.com\/#website\",\"url\":\"https:\/\/cobadent.com\/\",\"name\":\"Cobadent\",\"description\":\"Cobadent Odontologos\",\"publisher\":{\"@id\":\"https:\/\/cobadent.com\/#organization\"},\"potentialAction\":[{\"@type\":\"SearchAction\",\"target\":{\"@type\":\"EntryPoint\",\"urlTemplate\":\"https:\/\/cobadent.com\/?s={search_term_string}\"},\"query-input\":{\"@type\":\"PropertyValueSpecification\",\"valueRequired\":true,\"valueName\":\"search_term_string\"}}],\"inLanguage\":\"en-US\"},{\"@type\":\"Organization\",\"@id\":\"https:\/\/cobadent.com\/#organization\",\"name\":\"Cobadent\",\"url\":\"https:\/\/cobadent.com\/\",\"logo\":{\"@type\":\"ImageObject\",\"inLanguage\":\"en-US\",\"@id\":\"https:\/\/cobadent.com\/#\/schema\/logo\/image\/\",\"url\":\"https:\/\/cobadent.com\/wp-content\/uploads\/2024\/07\/cropped-Logo-Cobadent-300x119-1.png\",\"contentUrl\":\"https:\/\/cobadent.com\/wp-content\/uploads\/2024\/07\/cropped-Logo-Cobadent-300x119-1.png\",\"width\":300,\"height\":119,\"caption\":\"Cobadent\"},\"image\":{\"@id\":\"https:\/\/cobadent.com\/#\/schema\/logo\/image\/\"},\"sameAs\":[\"https:\/\/www.facebook.com\/COBADENTBARRANCO\",\"https:\/\/www.instagram.com\/cobadentbarranco\/\",\"https:\/\/www.tiktok.com\/@cobadent\"]}]}<\/script>\n<!-- \/ Yoast SEO plugin. -->","yoast_head_json":{"title":"Rehabilitaci\u00f3n oral - cobadent","robots":{"index":"index","follow":"follow","max-snippet":"max-snippet:-1","max-image-preview":"max-image-preview:large","max-video-preview":"max-video-preview:-1"},"canonical":"https:\/\/cobadent.com\/en\/rehabilitacion-oral\/","og_locale":"en_US","og_type":"article","og_title":"Rehabilitaci\u00f3n oral - cobadent","og_description":"Rehabilitaci\u00f3nOral \u00bfQu\u00e9 es la Rehabilitaci\u00f3n Oral? Es una especialidad de la odontolog\u00eda que busca restaurar la funci\u00f3n, est\u00e9tica y salud bucal de los pacientes que han experimentado alguna p\u00e9rdida dental debido a traumatismos dentales, caries amplias y profundas, enfermedad periodontal u otras afecciones graves. \u00bfPor qu\u00e9 es importante? Adem\u00e1s de restaurar la funci\u00f3n masticatoria y [&hellip;]","og_url":"https:\/\/cobadent.com\/en\/rehabilitacion-oral\/","og_site_name":"cobadent","article_publisher":"https:\/\/www.facebook.com\/COBADENTBARRANCO","article_modified_time":"2024-09-21T05:24:08+00:00","og_image":[{"url":"https:\/\/cobadent.com\/wp-content\/uploads\/2024\/05\/Rehabilitacion-Oral-1-240x300.jpg","type":"","width":"","height":""}],"twitter_card":"summary_large_image","twitter_misc":{"Est. reading time":"1 minute"},"schema":{"@context":"https:\/\/schema.org","@graph":[{"@type":"WebPage","@id":"https:\/\/cobadent.com\/rehabilitacion-oral\/","url":"https:\/\/cobadent.com\/rehabilitacion-oral\/","name":"Rehabilitaci\u00f3n oral - cobadent","isPartOf":{"@id":"https:\/\/cobadent.com\/#website"},"primaryImageOfPage":{"@id":"https:\/\/cobadent.com\/rehabilitacion-oral\/#primaryimage"},"image":{"@id":"https:\/\/cobadent.com\/rehabilitacion-oral\/#primaryimage"},"thumbnailUrl":"https:\/\/cobadent.com\/wp-content\/uploads\/2024\/05\/Rehabilitacion-Oral-1-240x300.jpg","datePublished":"2024-05-01T03:40:24+00:00","dateModified":"2024-09-21T05:24:08+00:00","breadcrumb":{"@id":"https:\/\/cobadent.com\/rehabilitacion-oral\/#breadcrumb"},"inLanguage":"en-US","potentialAction":[{"@type":"ReadAction","target":["https:\/\/cobadent.com\/rehabilitacion-oral\/"]}]},{"@type":"ImageObject","inLanguage":"en-US","@id":"https:\/\/cobadent.com\/rehabilitacion-oral\/#primaryimage","url":"https:\/\/cobadent.com\/wp-content\/uploads\/2024\/05\/Rehabilitacion-Oral-1-240x300.jpg","contentUrl":"https:\/\/cobadent.com\/wp-content\/uploads\/2024\/05\/Rehabilitacion-Oral-1-240x300.jpg"},{"@type":"BreadcrumbList","@id":"https:\/\/cobadent.com\/rehabilitacion-oral\/#breadcrumb","itemListElement":[{"@type":"ListItem","position":1,"name":"Portada","item":"https:\/\/cobadent.com\/"},{"@type":"ListItem","position":2,"name":"Rehabilitaci\u00f3n oral"}]},{"@type":"WebSite","@id":"https:\/\/cobadent.com\/#website","url":"https:\/\/cobadent.com\/","name":"Cobadent","description":"Cobadent Odontologos","publisher":{"@id":"https:\/\/cobadent.com\/#organization"},"potentialAction":[{"@type":"SearchAction","target":{"@type":"EntryPoint","urlTemplate":"https:\/\/cobadent.com\/?s={search_term_string}"},"query-input":{"@type":"PropertyValueSpecification","valueRequired":true,"valueName":"search_term_string"}}],"inLanguage":"en-US"},{"@type":"Organization","@id":"https:\/\/cobadent.com\/#organization","name":"Cobadent","url":"https:\/\/cobadent.com\/","logo":{"@type":"ImageObject","inLanguage":"en-US","@id":"https:\/\/cobadent.com\/#\/schema\/logo\/image\/","url":"https:\/\/cobadent.com\/wp-content\/uploads\/2024\/07\/cropped-Logo-Cobadent-300x119-1.png","contentUrl":"https:\/\/cobadent.com\/wp-content\/uploads\/2024\/07\/cropped-Logo-Cobadent-300x119-1.png","width":300,"height":119,"caption":"Cobadent"},"image":{"@id":"https:\/\/cobadent.com\/#\/schema\/logo\/image\/"},"sameAs":["https:\/\/www.facebook.com\/COBADENTBARRANCO","https:\/\/www.instagram.com\/cobadentbarranco\/","https:\/\/www.tiktok.com\/@cobadent"]}]}},"_links":{"self":[{"href":"https:\/\/cobadent.com\/en\/wp-json\/wp\/v2\/pages\/632","targetHints":{"allow":["GET"]}}],"collection":[{"href":"https:\/\/cobadent.com\/en\/wp-json\/wp\/v2\/pages"}],"about":[{"href":"https:\/\/cobadent.com\/en\/wp-json\/wp\/v2\/types\/page"}],"author":[{"embeddable":true,"href":"https:\/\/cobadent.com\/en\/wp-json\/wp\/v2\/users\/1"}],"replies":[{"embeddable":true,"href":"https:\/\/cobadent.com\/en\/wp-json\/wp\/v2\/comments?post=632"}],"version-history":[{"count":5,"href":"https:\/\/cobadent.com\/en\/wp-json\/wp\/v2\/pages\/632\/revisions"}],"predecessor-version":[{"id":2768,"href":"https:\/\/cobadent.com\/en\/wp-json\/wp\/v2\/pages\/632\/revisions\/2768"}],"wp:attachment":[{"href":"https:\/\/cobadent.com\/en\/wp-json\/wp\/v2\/media?parent=632"}],"curies":[{"name":"wp","href":"https:\/\/api.w.org\/{rel}","templated":true}]}}