{"id":713,"date":"2024-05-01T16:11:51","date_gmt":"2024-05-01T16:11:51","guid":{"rendered":"https:\/\/cobadent.com\/?page_id=713"},"modified":"2024-09-21T14:51:23","modified_gmt":"2024-09-21T14:51:23","slug":"sedacion-consciente-y-profunda","status":"publish","type":"page","link":"https:\/\/cobadent.com\/en\/sedacion-consciente-y-profunda\/","title":{"rendered":"Conscious and deep sedation"},"content":{"rendered":"<div data-elementor-type=\"wp-page\" data-elementor-id=\"713\" class=\"elementor elementor-713\" data-elementor-post-type=\"page\">\n\t\t\t\t<div class=\"elementor-element elementor-element-2e485a5 e-con-full e-flex e-con e-parent\" data-id=\"2e485a5\" data-element_type=\"container\" data-settings=\"{&quot;background_background&quot;:&quot;classic&quot;}\">\n\t\t<div class=\"elementor-element elementor-element-6df8be0 e-con-full e-flex e-con e-child\" data-id=\"6df8be0\" data-element_type=\"container\" data-settings=\"{&quot;background_background&quot;:&quot;gradient&quot;}\">\n\t\t<div class=\"elementor-element elementor-element-ea3c831 e-con-full e-flex e-con e-child\" data-id=\"ea3c831\" data-element_type=\"container\" data-settings=\"{&quot;background_background&quot;:&quot;gradient&quot;}\">\n\t\t<div class=\"elementor-element elementor-element-7f8d60f e-con-full e-flex e-con e-child\" data-id=\"7f8d60f\" data-element_type=\"container\">\n\t\t<div class=\"elementor-element elementor-element-1d02f56 e-con-full e-flex e-con e-child\" data-id=\"1d02f56\" data-element_type=\"container\">\n\t\t\t\t<div class=\"elementor-element elementor-element-588ef9a elementor-widget elementor-widget-text-editor\" data-id=\"588ef9a\" data-element_type=\"widget\" data-widget_type=\"text-editor.default\">\n\t\t\t\t<div class=\"elementor-widget-container\">\n\t\t\t\t\t\t\t\t\t<p class=\"translation-block\">Conscious Sedation and Deep Sedation<\/p>\t\t\t\t\t\t\t\t<\/div>\n\t\t\t\t<\/div>\n\t\t\t\t<\/div>\n\t\t\t\t<\/div>\n\t\t\t\t<\/div>\n\t\t\t\t<\/div>\n\t\t\t\t<\/div>\n\t\t<div class=\"elementor-element elementor-element-af3acf9 e-grid e-con-boxed e-con e-parent\" data-id=\"af3acf9\" data-element_type=\"container\" data-settings=\"{&quot;background_background&quot;:&quot;classic&quot;}\">\n\t\t\t\t\t<div class=\"e-con-inner\">\n\t\t<div class=\"elementor-element elementor-element-88d90f2 e-flex e-con-boxed e-con e-child\" data-id=\"88d90f2\" data-element_type=\"container\">\n\t\t\t\t\t<div class=\"e-con-inner\">\n\t\t\t\t<div class=\"elementor-element elementor-element-110be31 elementor-widget elementor-widget-heading\" data-id=\"110be31\" data-element_type=\"widget\" data-widget_type=\"heading.default\">\n\t\t\t\t<div class=\"elementor-widget-container\">\n\t\t\t\t\t<h2 class=\"elementor-heading-title elementor-size-default\">What is Conscious Sedation and Deep Sedation?<\/h2>\t\t\t\t<\/div>\n\t\t\t\t<\/div>\n\t\t\t\t<div class=\"elementor-element elementor-element-8fb198f elementor-widget__width-initial elementor-widget elementor-widget-text-editor\" data-id=\"8fb198f\" data-element_type=\"widget\" data-widget_type=\"text-editor.default\">\n\t\t\t\t<div class=\"elementor-widget-container\">\n\t\t\t\t\t\t\t\t\t<p>They are thoughtfully planned treatment options to help patients feel relaxed and comfortable during dental procedures. Conscious Sedation is achieved through a mixture of medications or through an inhaled sedative gas that induces a state of light or moderate sleep, allowing the patient to recover quickly and return to their daily activities, while Deep Sedation is achieved by applying intravenous medication that induces a deep sleep state generating a total disconnection with the environment.<\/p>\t\t\t\t\t\t\t\t<\/div>\n\t\t\t\t<\/div>\n\t\t\t\t\t<\/div>\n\t\t\t\t<\/div>\n\t\t<div class=\"elementor-element elementor-element-f7514bb elementor-hidden-mobile e-flex e-con-boxed e-con e-child\" data-id=\"f7514bb\" data-element_type=\"container\">\n\t\t\t\t\t<div class=\"e-con-inner\">\n\t\t\t\t\t<\/div>\n\t\t\t\t<\/div>\n\t\t\t\t\t<\/div>\n\t\t\t\t<\/div>\n\t\t<div class=\"elementor-element elementor-element-f1ab0a3 e-grid e-con-boxed e-con e-parent\" data-id=\"f1ab0a3\" data-element_type=\"container\" data-settings=\"{&quot;background_background&quot;:&quot;classic&quot;}\">\n\t\t\t\t\t<div class=\"e-con-inner\">\n\t\t<div class=\"elementor-element elementor-element-77f264b elementor-hidden-mobile e-flex e-con-boxed e-con e-child\" data-id=\"77f264b\" data-element_type=\"container\">\n\t\t\t\t\t<div class=\"e-con-inner\">\n\t\t\t\t\t<\/div>\n\t\t\t\t<\/div>\n\t\t<div class=\"elementor-element elementor-element-7683a1c e-flex e-con-boxed e-con e-child\" data-id=\"7683a1c\" data-element_type=\"container\">\n\t\t\t\t\t<div class=\"e-con-inner\">\n\t\t\t\t<div class=\"elementor-element elementor-element-56b1bbc elementor-widget elementor-widget-heading\" data-id=\"56b1bbc\" data-element_type=\"widget\" data-widget_type=\"heading.default\">\n\t\t\t\t<div class=\"elementor-widget-container\">\n\t\t\t\t\t<h2 class=\"elementor-heading-title elementor-size-default\">What are the benefits?<\/h2>\t\t\t\t<\/div>\n\t\t\t\t<\/div>\n\t\t\t\t<div class=\"elementor-element elementor-element-e57e9e4 elementor-widget__width-initial elementor-widget elementor-widget-text-editor\" data-id=\"e57e9e4\" data-element_type=\"widget\" data-widget_type=\"text-editor.default\">\n\t\t\t\t<div class=\"elementor-widget-container\">\n\t\t\t\t\t\t\t\t\t<p>Reduces and controls the patient's anxiety and fear, improving their experience in the dental office. In addition, they facilitate their cooperation and increase comfort by experiencing less discomfort and unpleasant sensations.<\/p>\t\t\t\t\t\t\t\t<\/div>\n\t\t\t\t<\/div>\n\t\t\t\t\t<\/div>\n\t\t\t\t<\/div>\n\t\t\t\t\t<\/div>\n\t\t\t\t<\/div>\n\t\t<div class=\"elementor-element elementor-element-d5c3af5 elementor-hidden-desktop e-flex e-con-boxed e-con e-parent\" data-id=\"d5c3af5\" data-element_type=\"container\">\n\t\t\t\t\t<div class=\"e-con-inner\">\n\t\t\t\t<div class=\"elementor-element elementor-element-52b3c1e elementor-widget elementor-widget-heading\" data-id=\"52b3c1e\" data-element_type=\"widget\" data-widget_type=\"heading.default\">\n\t\t\t\t<div class=\"elementor-widget-container\">\n\t\t\t\t\t<h2 class=\"elementor-heading-title elementor-size-default\">Our gallery<\/h2>\t\t\t\t<\/div>\n\t\t\t\t<\/div>\n\t\t\t\t<div class=\"elementor-element elementor-element-664386b elementor-arrows-position-inside elementor-pagination-position-outside elementor-widget elementor-widget-image-carousel\" data-id=\"664386b\" data-element_type=\"widget\" data-settings=\"{&quot;slides_to_show&quot;:&quot;1&quot;,&quot;navigation&quot;:&quot;both&quot;,&quot;autoplay&quot;:&quot;yes&quot;,&quot;pause_on_hover&quot;:&quot;yes&quot;,&quot;pause_on_interaction&quot;:&quot;yes&quot;,&quot;autoplay_speed&quot;:5000,&quot;infinite&quot;:&quot;yes&quot;,&quot;effect&quot;:&quot;slide&quot;,&quot;speed&quot;:500}\" data-widget_type=\"image-carousel.default\">\n\t\t\t\t<div class=\"elementor-widget-container\">\n\t\t\t\t\t\t\t<div class=\"elementor-image-carousel-wrapper swiper\" role=\"region\" aria-roledescription=\"carousel\" aria-label=\"Image Carousel\" dir=\"ltr\">\n\t\t\t<div class=\"elementor-image-carousel swiper-wrapper\" aria-live=\"off\">\n\t\t\t\t\t\t\t\t<div class=\"swiper-slide\" role=\"group\" aria-roledescription=\"slide\" aria-label=\"1 of 3\"><figure class=\"swiper-slide-inner\"><img decoding=\"async\" class=\"swiper-slide-image\" src=\"https:\/\/cobadent.com\/wp-content\/uploads\/2024\/09\/Sedacion-1-240x300.jpg\" alt=\"Sedacion-1\" \/><\/figure><\/div><div class=\"swiper-slide\" role=\"group\" aria-roledescription=\"slide\" aria-label=\"2 of 3\"><figure class=\"swiper-slide-inner\"><img decoding=\"async\" class=\"swiper-slide-image\" src=\"https:\/\/cobadent.com\/wp-content\/uploads\/2024\/05\/CT-Sedacion-Galeria-1-163x300.png\" alt=\"Sedaci\u00f3n (2)\" \/><\/figure><\/div><div class=\"swiper-slide\" role=\"group\" aria-roledescription=\"slide\" aria-label=\"3 of 3\"><figure class=\"swiper-slide-inner\"><img decoding=\"async\" class=\"swiper-slide-image\" src=\"https:\/\/cobadent.com\/wp-content\/uploads\/2024\/09\/Sedacion-2-240x300.jpg\" alt=\"Sedacion-2\" \/><\/figure><\/div>\t\t\t<\/div>\n\t\t\t\t\t\t\t\t\t\t\t\t<div class=\"elementor-swiper-button elementor-swiper-button-prev\" role=\"button\" tabindex=\"0\">\n\t\t\t\t\t\t<svg aria-hidden=\"true\" class=\"e-font-icon-svg e-eicon-chevron-left\" viewbox=\"0 0 1000 1000\" xmlns=\"http:\/\/www.w3.org\/2000\/svg\"><path d=\"M646 125C629 125 613 133 604 142L308 442C296 454 292 471 292 487 292 504 296 521 308 533L604 854C617 867 629 875 646 875 663 875 679 871 692 858 704 846 713 829 713 812 713 796 708 779 692 767L438 487 692 225C700 217 708 204 708 187 708 171 704 154 692 142 675 129 663 125 646 125Z\"><\/path><\/svg>\t\t\t\t\t<\/div>\n\t\t\t\t\t<div class=\"elementor-swiper-button elementor-swiper-button-next\" role=\"button\" tabindex=\"0\">\n\t\t\t\t\t\t<svg aria-hidden=\"true\" class=\"e-font-icon-svg e-eicon-chevron-right\" viewbox=\"0 0 1000 1000\" xmlns=\"http:\/\/www.w3.org\/2000\/svg\"><path d=\"M696 533C708 521 713 504 713 487 713 471 708 454 696 446L400 146C388 133 375 125 354 125 338 125 325 129 313 142 300 154 292 171 292 187 292 204 296 221 308 233L563 492 304 771C292 783 288 800 288 817 288 833 296 850 308 863 321 871 338 875 354 875 371 875 388 867 400 854L696 533Z\"><\/path><\/svg>\t\t\t\t\t<\/div>\n\t\t\t\t\n\t\t\t\t\t\t\t\t\t<div class=\"swiper-pagination\"><\/div>\n\t\t\t\t\t\t\t\t\t<\/div>\n\t\t\t\t\t\t<\/div>\n\t\t\t\t<\/div>\n\t\t\t\t\t<\/div>\n\t\t\t\t<\/div>\n\t\t<div class=\"elementor-element elementor-element-63f57fc elementor-hidden-tablet elementor-hidden-mobile e-flex e-con-boxed e-con e-parent\" data-id=\"63f57fc\" data-element_type=\"container\">\n\t\t\t\t\t<div class=\"e-con-inner\">\n\t\t\t\t<div class=\"elementor-element elementor-element-e50671d elementor-widget elementor-widget-heading\" data-id=\"e50671d\" data-element_type=\"widget\" data-widget_type=\"heading.default\">\n\t\t\t\t<div class=\"elementor-widget-container\">\n\t\t\t\t\t<h2 class=\"elementor-heading-title elementor-size-default\">Our gallery<\/h2>\t\t\t\t<\/div>\n\t\t\t\t<\/div>\n\t\t\t\t<div class=\"elementor-element elementor-element-a8bd068 elementor-widget__width-initial gallery-spacing-custom elementor-widget elementor-widget-image-gallery\" data-id=\"a8bd068\" data-element_type=\"widget\" data-widget_type=\"image-gallery.default\">\n\t\t\t\t<div class=\"elementor-widget-container\">\n\t\t\t\t\t\t\t<div class=\"elementor-image-gallery\">\n\t\t\t<div id='gallery-1' class='gallery galleryid-713 gallery-columns-3 gallery-size-medium'><figure class='gallery-item'>\n\t\t\t<div class='gallery-icon portrait'>\n\t\t\t\t<a data-elementor-open-lightbox=\"yes\" data-elementor-lightbox-slideshow=\"a8bd068\" data-elementor-lightbox-title=\"Sedacion-1\" data-e-action-hash=\"#elementor-action%3Aaction%3Dlightbox%26settings%3DeyJpZCI6Mjc1NCwidXJsIjoiaHR0cHM6XC9cL2NvYmFkZW50LmNvbVwvd3AtY29udGVudFwvdXBsb2Fkc1wvMjAyNFwvMDlcL1NlZGFjaW9uLTEuanBnIiwic2xpZGVzaG93IjoiYThiZDA2OCJ9\" href='https:\/\/cobadent.com\/wp-content\/uploads\/2024\/09\/Sedacion-1.jpg'><img fetchpriority=\"high\" decoding=\"async\" width=\"240\" height=\"300\" src=\"https:\/\/cobadent.com\/wp-content\/uploads\/2024\/09\/Sedacion-1-240x300.jpg\" class=\"attachment-medium size-medium\" alt=\"\" srcset=\"https:\/\/cobadent.com\/wp-content\/uploads\/2024\/09\/Sedacion-1-240x300.jpg 240w, https:\/\/cobadent.com\/wp-content\/uploads\/2024\/09\/Sedacion-1-768x960.jpg 768w, https:\/\/cobadent.com\/wp-content\/uploads\/2024\/09\/Sedacion-1-10x12.jpg 10w, https:\/\/cobadent.com\/wp-content\/uploads\/2024\/09\/Sedacion-1.jpg 800w\" sizes=\"(max-width: 240px) 100vw, 240px\" \/><\/a>\n\t\t\t<\/div><\/figure><figure class='gallery-item'>\n\t\t\t<div class='gallery-icon portrait'>\n\t\t\t\t<a data-elementor-open-lightbox=\"yes\" data-elementor-lightbox-slideshow=\"a8bd068\" data-elementor-lightbox-title=\"Sedaci\u00f3n (2)\" data-e-action-hash=\"#elementor-action%3Aaction%3Dlightbox%26settings%3DeyJpZCI6NzIyLCJ1cmwiOiJodHRwczpcL1wvY29iYWRlbnQuY29tXC93cC1jb250ZW50XC91cGxvYWRzXC8yMDI0XC8wNVwvQ1QtU2VkYWNpb24tR2FsZXJpYS0xLnBuZyIsInNsaWRlc2hvdyI6ImE4YmQwNjgifQ%3D%3D\" href='https:\/\/cobadent.com\/wp-content\/uploads\/2024\/05\/CT-Sedacion-Galeria-1.png'><img decoding=\"async\" width=\"163\" height=\"300\" src=\"https:\/\/cobadent.com\/wp-content\/uploads\/2024\/05\/CT-Sedacion-Galeria-1-163x300.png\" class=\"attachment-medium size-medium\" alt=\"\" srcset=\"https:\/\/cobadent.com\/wp-content\/uploads\/2024\/05\/CT-Sedacion-Galeria-1-163x300.png 163w, https:\/\/cobadent.com\/wp-content\/uploads\/2024\/05\/CT-Sedacion-Galeria-1-558x1024.png 558w, https:\/\/cobadent.com\/wp-content\/uploads\/2024\/05\/CT-Sedacion-Galeria-1-768x1409.png 768w, https:\/\/cobadent.com\/wp-content\/uploads\/2024\/05\/CT-Sedacion-Galeria-1-837x1536.png 837w, https:\/\/cobadent.com\/wp-content\/uploads\/2024\/05\/CT-Sedacion-Galeria-1.png 1066w\" sizes=\"(max-width: 163px) 100vw, 163px\" \/><\/a>\n\t\t\t<\/div><\/figure><figure class='gallery-item'>\n\t\t\t<div class='gallery-icon portrait'>\n\t\t\t\t<a data-elementor-open-lightbox=\"yes\" data-elementor-lightbox-slideshow=\"a8bd068\" data-elementor-lightbox-title=\"Sedacion-2\" data-e-action-hash=\"#elementor-action%3Aaction%3Dlightbox%26settings%3DeyJpZCI6Mjc1MywidXJsIjoiaHR0cHM6XC9cL2NvYmFkZW50LmNvbVwvd3AtY29udGVudFwvdXBsb2Fkc1wvMjAyNFwvMDlcL1NlZGFjaW9uLTItMS5qcGciLCJzbGlkZXNob3ciOiJhOGJkMDY4In0%3D\" href='https:\/\/cobadent.com\/wp-content\/uploads\/2024\/09\/Sedacion-2-1.jpg'><img decoding=\"async\" width=\"240\" height=\"300\" src=\"https:\/\/cobadent.com\/wp-content\/uploads\/2024\/09\/Sedacion-2-1-240x300.jpg\" class=\"attachment-medium size-medium\" alt=\"\" srcset=\"https:\/\/cobadent.com\/wp-content\/uploads\/2024\/09\/Sedacion-2-1-240x300.jpg 240w, https:\/\/cobadent.com\/wp-content\/uploads\/2024\/09\/Sedacion-2-1-768x960.jpg 768w, https:\/\/cobadent.com\/wp-content\/uploads\/2024\/09\/Sedacion-2-1-10x12.jpg 10w, https:\/\/cobadent.com\/wp-content\/uploads\/2024\/09\/Sedacion-2-1.jpg 800w\" sizes=\"(max-width: 240px) 100vw, 240px\" \/><\/a>\n\t\t\t<\/div><\/figure>\n\t\t<\/div>\n\t\t<\/div>\n\t\t\t\t\t\t<\/div>\n\t\t\t\t<\/div>\n\t\t\t\t\t<\/div>\n\t\t\t\t<\/div>\n\t\t<div class=\"elementor-element elementor-element-8ed60ad e-flex e-con-boxed e-con e-parent\" data-id=\"8ed60ad\" data-element_type=\"container\" data-settings=\"{&quot;background_background&quot;:&quot;classic&quot;}\">\n\t\t\t\t\t<div class=\"e-con-inner\">\n\t\t\t\t<div class=\"elementor-element elementor-element-a6c9aa7 elementor-widget elementor-widget-image\" data-id=\"a6c9aa7\" data-element_type=\"widget\" data-widget_type=\"image.default\">\n\t\t\t\t<div class=\"elementor-widget-container\">\n\t\t\t\t\t\t\t\t\t\t\t\t\t\t\t<img loading=\"lazy\" decoding=\"async\" width=\"182\" height=\"218\" src=\"https:\/\/cobadent.com\/wp-content\/uploads\/2024\/05\/sedcp-icon.png\" class=\"attachment-medium size-medium wp-image-723\" alt=\"\" \/>\t\t\t\t\t\t\t\t\t\t\t\t\t\t\t<\/div>\n\t\t\t\t<\/div>\n\t\t\t\t<div class=\"elementor-element elementor-element-77ba1c5 elementor-widget__width-initial elementor-widget elementor-widget-text-editor\" data-id=\"77ba1c5\" data-element_type=\"widget\" data-widget_type=\"text-editor.default\">\n\t\t\t\t<div class=\"elementor-widget-container\">\n\t\t\t\t\t\t\t\t\t<p class=\"translation-block\">Experience absolute tranquility on every visit!<\/p>\t\t\t\t\t\t\t\t<\/div>\n\t\t\t\t<\/div>\n\t\t\t\t<div class=\"elementor-element elementor-element-7d2c526 elementor-widget elementor-widget-button\" data-id=\"7d2c526\" data-element_type=\"widget\" data-widget_type=\"button.default\">\n\t\t\t\t<div class=\"elementor-widget-container\">\n\t\t\t\t\t\t\t\t\t<div class=\"elementor-button-wrapper\">\n\t\t\t\t\t<a class=\"elementor-button elementor-button-link elementor-size-sm elementor-animation-grow\" href=\"https:\/\/cobadent.com\/en\/agenda-tu-cita\/\">\n\t\t\t\t\t\t<span class=\"elementor-button-content-wrapper\">\n\t\t\t\t\t\t\t\t\t<span class=\"elementor-button-text\">Book your appointment TODAY.<\/span>\n\t\t\t\t\t<\/span>\n\t\t\t\t\t<\/a>\n\t\t\t\t<\/div>\n\t\t\t\t\t\t\t\t<\/div>\n\t\t\t\t<\/div>\n\t\t\t\t\t<\/div>\n\t\t\t\t<\/div>\n\t\t\t\t<\/div>","protected":false},"excerpt":{"rendered":"<p>Sedaci\u00f3nconscientey profunda \u00bfQu\u00e9 es la Sedaci\u00f3n Consciente y Sedaci\u00f3n Profunda? Son opciones de tratamiento debidamente planificadas para ayudar a los pacientes a sentirse relajados y c\u00f3modos durante los procedimientos dentales. La Sedaci\u00f3n Consciente se consigue mediante una mezcla de medicamentos o a trav\u00e9s de un gas sedante inhalado que inducen un estado de sue\u00f1o ligero [&hellip;]<\/p>","protected":false},"author":1,"featured_media":0,"parent":0,"menu_order":0,"comment_status":"closed","ping_status":"closed","template":"elementor_header_footer","meta":{"_acf_changed":false,"footnotes":""},"class_list":["post-713","page","type-page","status-publish","hentry"],"acf":[],"yoast_head":"<!-- This site is optimized with the Yoast SEO plugin v26.9 - https:\/\/yoast.com\/product\/yoast-seo-wordpress\/ -->\n<title>Sedaci\u00f3n consciente y profunda - cobadent<\/title>\n<meta name=\"robots\" content=\"index, follow, max-snippet:-1, max-image-preview:large, max-video-preview:-1\" \/>\n<link rel=\"canonical\" href=\"https:\/\/cobadent.com\/en\/sedacion-consciente-y-profunda\/\" \/>\n<meta property=\"og:locale\" content=\"en_US\" \/>\n<meta property=\"og:type\" content=\"article\" \/>\n<meta property=\"og:title\" content=\"Sedaci\u00f3n consciente y profunda - cobadent\" \/>\n<meta property=\"og:description\" content=\"Sedaci\u00f3nconscientey profunda \u00bfQu\u00e9 es la Sedaci\u00f3n Consciente y Sedaci\u00f3n Profunda? Son opciones de tratamiento debidamente planificadas para ayudar a los pacientes a sentirse relajados y c\u00f3modos durante los procedimientos dentales. La Sedaci\u00f3n Consciente se consigue mediante una mezcla de medicamentos o a trav\u00e9s de un gas sedante inhalado que inducen un estado de sue\u00f1o ligero [&hellip;]\" \/>\n<meta property=\"og:url\" content=\"https:\/\/cobadent.com\/en\/sedacion-consciente-y-profunda\/\" \/>\n<meta property=\"og:site_name\" content=\"cobadent\" \/>\n<meta property=\"article:publisher\" content=\"https:\/\/www.facebook.com\/COBADENTBARRANCO\" \/>\n<meta property=\"article:modified_time\" content=\"2024-09-21T14:51:23+00:00\" \/>\n<meta property=\"og:image\" content=\"https:\/\/cobadent.com\/wp-content\/uploads\/2024\/09\/Sedacion-1-240x300.jpg\" \/>\n<meta name=\"twitter:card\" content=\"summary_large_image\" \/>\n<meta name=\"twitter:label1\" content=\"Est. reading time\" \/>\n\t<meta name=\"twitter:data1\" content=\"3 minutes\" \/>\n<script type=\"application\/ld+json\" class=\"yoast-schema-graph\">{\"@context\":\"https:\/\/schema.org\",\"@graph\":[{\"@type\":\"WebPage\",\"@id\":\"https:\/\/cobadent.com\/sedacion-consciente-y-profunda\/\",\"url\":\"https:\/\/cobadent.com\/sedacion-consciente-y-profunda\/\",\"name\":\"Sedaci\u00f3n consciente y profunda - cobadent\",\"isPartOf\":{\"@id\":\"https:\/\/cobadent.com\/#website\"},\"primaryImageOfPage\":{\"@id\":\"https:\/\/cobadent.com\/sedacion-consciente-y-profunda\/#primaryimage\"},\"image\":{\"@id\":\"https:\/\/cobadent.com\/sedacion-consciente-y-profunda\/#primaryimage\"},\"thumbnailUrl\":\"https:\/\/cobadent.com\/wp-content\/uploads\/2024\/09\/Sedacion-1-240x300.jpg\",\"datePublished\":\"2024-05-01T16:11:51+00:00\",\"dateModified\":\"2024-09-21T14:51:23+00:00\",\"breadcrumb\":{\"@id\":\"https:\/\/cobadent.com\/sedacion-consciente-y-profunda\/#breadcrumb\"},\"inLanguage\":\"en-US\",\"potentialAction\":[{\"@type\":\"ReadAction\",\"target\":[\"https:\/\/cobadent.com\/sedacion-consciente-y-profunda\/\"]}]},{\"@type\":\"ImageObject\",\"inLanguage\":\"en-US\",\"@id\":\"https:\/\/cobadent.com\/sedacion-consciente-y-profunda\/#primaryimage\",\"url\":\"https:\/\/cobadent.com\/wp-content\/uploads\/2024\/09\/Sedacion-1-240x300.jpg\",\"contentUrl\":\"https:\/\/cobadent.com\/wp-content\/uploads\/2024\/09\/Sedacion-1-240x300.jpg\"},{\"@type\":\"BreadcrumbList\",\"@id\":\"https:\/\/cobadent.com\/sedacion-consciente-y-profunda\/#breadcrumb\",\"itemListElement\":[{\"@type\":\"ListItem\",\"position\":1,\"name\":\"Portada\",\"item\":\"https:\/\/cobadent.com\/\"},{\"@type\":\"ListItem\",\"position\":2,\"name\":\"Sedaci\u00f3n consciente y profunda\"}]},{\"@type\":\"WebSite\",\"@id\":\"https:\/\/cobadent.com\/#website\",\"url\":\"https:\/\/cobadent.com\/\",\"name\":\"Cobadent\",\"description\":\"Cobadent Odontologos\",\"publisher\":{\"@id\":\"https:\/\/cobadent.com\/#organization\"},\"potentialAction\":[{\"@type\":\"SearchAction\",\"target\":{\"@type\":\"EntryPoint\",\"urlTemplate\":\"https:\/\/cobadent.com\/?s={search_term_string}\"},\"query-input\":{\"@type\":\"PropertyValueSpecification\",\"valueRequired\":true,\"valueName\":\"search_term_string\"}}],\"inLanguage\":\"en-US\"},{\"@type\":\"Organization\",\"@id\":\"https:\/\/cobadent.com\/#organization\",\"name\":\"Cobadent\",\"url\":\"https:\/\/cobadent.com\/\",\"logo\":{\"@type\":\"ImageObject\",\"inLanguage\":\"en-US\",\"@id\":\"https:\/\/cobadent.com\/#\/schema\/logo\/image\/\",\"url\":\"https:\/\/cobadent.com\/wp-content\/uploads\/2024\/07\/cropped-Logo-Cobadent-300x119-1.png\",\"contentUrl\":\"https:\/\/cobadent.com\/wp-content\/uploads\/2024\/07\/cropped-Logo-Cobadent-300x119-1.png\",\"width\":300,\"height\":119,\"caption\":\"Cobadent\"},\"image\":{\"@id\":\"https:\/\/cobadent.com\/#\/schema\/logo\/image\/\"},\"sameAs\":[\"https:\/\/www.facebook.com\/COBADENTBARRANCO\",\"https:\/\/www.instagram.com\/cobadentbarranco\/\",\"https:\/\/www.tiktok.com\/@cobadent\"]}]}<\/script>\n<!-- \/ Yoast SEO plugin. -->","yoast_head_json":{"title":"Sedaci\u00f3n consciente y profunda - cobadent","robots":{"index":"index","follow":"follow","max-snippet":"max-snippet:-1","max-image-preview":"max-image-preview:large","max-video-preview":"max-video-preview:-1"},"canonical":"https:\/\/cobadent.com\/en\/sedacion-consciente-y-profunda\/","og_locale":"en_US","og_type":"article","og_title":"Sedaci\u00f3n consciente y profunda - cobadent","og_description":"Sedaci\u00f3nconscientey profunda \u00bfQu\u00e9 es la Sedaci\u00f3n Consciente y Sedaci\u00f3n Profunda? Son opciones de tratamiento debidamente planificadas para ayudar a los pacientes a sentirse relajados y c\u00f3modos durante los procedimientos dentales. La Sedaci\u00f3n Consciente se consigue mediante una mezcla de medicamentos o a trav\u00e9s de un gas sedante inhalado que inducen un estado de sue\u00f1o ligero [&hellip;]","og_url":"https:\/\/cobadent.com\/en\/sedacion-consciente-y-profunda\/","og_site_name":"cobadent","article_publisher":"https:\/\/www.facebook.com\/COBADENTBARRANCO","article_modified_time":"2024-09-21T14:51:23+00:00","og_image":[{"url":"https:\/\/cobadent.com\/wp-content\/uploads\/2024\/09\/Sedacion-1-240x300.jpg","type":"","width":"","height":""}],"twitter_card":"summary_large_image","twitter_misc":{"Est. reading time":"3 minutes"},"schema":{"@context":"https:\/\/schema.org","@graph":[{"@type":"WebPage","@id":"https:\/\/cobadent.com\/sedacion-consciente-y-profunda\/","url":"https:\/\/cobadent.com\/sedacion-consciente-y-profunda\/","name":"Sedaci\u00f3n consciente y profunda - cobadent","isPartOf":{"@id":"https:\/\/cobadent.com\/#website"},"primaryImageOfPage":{"@id":"https:\/\/cobadent.com\/sedacion-consciente-y-profunda\/#primaryimage"},"image":{"@id":"https:\/\/cobadent.com\/sedacion-consciente-y-profunda\/#primaryimage"},"thumbnailUrl":"https:\/\/cobadent.com\/wp-content\/uploads\/2024\/09\/Sedacion-1-240x300.jpg","datePublished":"2024-05-01T16:11:51+00:00","dateModified":"2024-09-21T14:51:23+00:00","breadcrumb":{"@id":"https:\/\/cobadent.com\/sedacion-consciente-y-profunda\/#breadcrumb"},"inLanguage":"en-US","potentialAction":[{"@type":"ReadAction","target":["https:\/\/cobadent.com\/sedacion-consciente-y-profunda\/"]}]},{"@type":"ImageObject","inLanguage":"en-US","@id":"https:\/\/cobadent.com\/sedacion-consciente-y-profunda\/#primaryimage","url":"https:\/\/cobadent.com\/wp-content\/uploads\/2024\/09\/Sedacion-1-240x300.jpg","contentUrl":"https:\/\/cobadent.com\/wp-content\/uploads\/2024\/09\/Sedacion-1-240x300.jpg"},{"@type":"BreadcrumbList","@id":"https:\/\/cobadent.com\/sedacion-consciente-y-profunda\/#breadcrumb","itemListElement":[{"@type":"ListItem","position":1,"name":"Portada","item":"https:\/\/cobadent.com\/"},{"@type":"ListItem","position":2,"name":"Sedaci\u00f3n consciente y profunda"}]},{"@type":"WebSite","@id":"https:\/\/cobadent.com\/#website","url":"https:\/\/cobadent.com\/","name":"Cobadent","description":"Cobadent Odontologos","publisher":{"@id":"https:\/\/cobadent.com\/#organization"},"potentialAction":[{"@type":"SearchAction","target":{"@type":"EntryPoint","urlTemplate":"https:\/\/cobadent.com\/?s={search_term_string}"},"query-input":{"@type":"PropertyValueSpecification","valueRequired":true,"valueName":"search_term_string"}}],"inLanguage":"en-US"},{"@type":"Organization","@id":"https:\/\/cobadent.com\/#organization","name":"Cobadent","url":"https:\/\/cobadent.com\/","logo":{"@type":"ImageObject","inLanguage":"en-US","@id":"https:\/\/cobadent.com\/#\/schema\/logo\/image\/","url":"https:\/\/cobadent.com\/wp-content\/uploads\/2024\/07\/cropped-Logo-Cobadent-300x119-1.png","contentUrl":"https:\/\/cobadent.com\/wp-content\/uploads\/2024\/07\/cropped-Logo-Cobadent-300x119-1.png","width":300,"height":119,"caption":"Cobadent"},"image":{"@id":"https:\/\/cobadent.com\/#\/schema\/logo\/image\/"},"sameAs":["https:\/\/www.facebook.com\/COBADENTBARRANCO","https:\/\/www.instagram.com\/cobadentbarranco\/","https:\/\/www.tiktok.com\/@cobadent"]}]}},"_links":{"self":[{"href":"https:\/\/cobadent.com\/en\/wp-json\/wp\/v2\/pages\/713","targetHints":{"allow":["GET"]}}],"collection":[{"href":"https:\/\/cobadent.com\/en\/wp-json\/wp\/v2\/pages"}],"about":[{"href":"https:\/\/cobadent.com\/en\/wp-json\/wp\/v2\/types\/page"}],"author":[{"embeddable":true,"href":"https:\/\/cobadent.com\/en\/wp-json\/wp\/v2\/users\/1"}],"replies":[{"embeddable":true,"href":"https:\/\/cobadent.com\/en\/wp-json\/wp\/v2\/comments?post=713"}],"version-history":[{"count":5,"href":"https:\/\/cobadent.com\/en\/wp-json\/wp\/v2\/pages\/713\/revisions"}],"predecessor-version":[{"id":2771,"href":"https:\/\/cobadent.com\/en\/wp-json\/wp\/v2\/pages\/713\/revisions\/2771"}],"wp:attachment":[{"href":"https:\/\/cobadent.com\/en\/wp-json\/wp\/v2\/media?parent=713"}],"curies":[{"name":"wp","href":"https:\/\/api.w.org\/{rel}","templated":true}]}}